{"id":5405,"date":"2025-12-05T11:27:43","date_gmt":"2025-12-05T03:27:43","guid":{"rendered":"https:\/\/www.yunshao.com\/?page_id=5405"},"modified":"2026-02-07T12:15:16","modified_gmt":"2026-02-07T04:15:16","slug":"warranty-policy","status":"publish","type":"page","link":"https:\/\/www.yunshao.com\/es\/warranty-policy\/","title":{"rendered":"Pol\u00edtica de garant\u00eda"},"content":{"rendered":"<div data-elementor-type=\"wp-page\" data-elementor-id=\"5405\" class=\"elementor elementor-5405\" data-elementor-post-type=\"page\">\n\t\t\t\t<div class=\"elementor-element elementor-element-4bc8c45 e-flex e-con-boxed e-con e-parent\" data-id=\"4bc8c45\" data-element_type=\"container\" data-e-type=\"container\" data-settings=\"{&quot;background_background&quot;:&quot;classic&quot;,&quot;ekit_has_onepagescroll_dot&quot;:&quot;yes&quot;}\">\n\t\t\t\t\t<div class=\"e-con-inner\">\n\t\t\t\t<div class=\"elementor-element elementor-element-d1905c2 elementor-widget elementor-widget-elementskit-breadcrumb\" data-id=\"d1905c2\" data-element_type=\"widget\" data-e-type=\"widget\" data-settings=\"{&quot;ekit_we_effect_on&quot;:&quot;none&quot;}\" data-widget_type=\"elementskit-breadcrumb.default\">\n\t\t\t\t<div class=\"elementor-widget-container\">\n\t\t\t\t\t<div class=\"ekit-wid-con\" ><ol class=\"ekit-breadcrumb\"><li class=\"ekit_breadcrumbs_start\"><a href=\"https:\/\/www.yunshao.com\/es\/\">Inicio<\/a><\/li> <li class=\"brd_sep\"> \u00bb <\/li>  <li>Pol\u00edtica de garant\u00eda<\/li><\/ol><\/div>\t\t\t\t<\/div>\n\t\t\t\t<\/div>\n\t\t\t\t\t<\/div>\n\t\t\t\t<\/div>\n\t\t<div class=\"elementor-element elementor-element-86e06a0 e-flex e-con-boxed e-con e-parent\" data-id=\"86e06a0\" data-element_type=\"container\" data-e-type=\"container\" data-settings=\"{&quot;ekit_has_onepagescroll_dot&quot;:&quot;yes&quot;}\">\n\t\t\t\t\t<div class=\"e-con-inner\">\n\t\t\t\t<div class=\"elementor-element elementor-element-e466601 elementor-widget elementor-widget-heading\" data-id=\"e466601\" data-element_type=\"widget\" data-e-type=\"widget\" data-settings=\"{&quot;ekit_we_effect_on&quot;:&quot;none&quot;}\" data-widget_type=\"heading.default\">\n\t\t\t\t<div class=\"elementor-widget-container\">\n\t\t\t\t\t<h1 class=\"elementor-heading-title elementor-size-default\">Pol\u00edtica de garant\u00eda<\/h1>\t\t\t\t<\/div>\n\t\t\t\t<\/div>\n\t\t\t\t<div class=\"elementor-element elementor-element-b9cf8ac elementor-widget elementor-widget-text-editor\" data-id=\"b9cf8ac\" data-element_type=\"widget\" data-e-type=\"widget\" data-settings=\"{&quot;ekit_we_effect_on&quot;:&quot;none&quot;}\" data-widget_type=\"text-editor.default\">\n\t\t\t\t<div class=\"elementor-widget-container\">\n\t\t\t\t\t\t\t\t\t<p>YUNSHAO ofrece una cobertura de garant\u00eda basada en el sistema seg\u00fan las distintas categor\u00edas de productos.<br \/>Los t\u00e9rminos de la garant\u00eda var\u00edan seg\u00fan el tipo de sistema para garantizar una responsabilidad clara y una fiabilidad operativa a largo plazo.<\/p><p>Todos los periodos de garant\u00eda comienzan a partir de la fecha de env\u00edo, a menos que se acuerde lo contrario por escrito.<\/p>\t\t\t\t\t\t\t\t<\/div>\n\t\t\t\t<\/div>\n\t\t\t\t<div class=\"elementor-element elementor-element-d7d3c79 elementor-widget elementor-widget-heading\" data-id=\"d7d3c79\" data-element_type=\"widget\" data-e-type=\"widget\" data-settings=\"{&quot;ekit_we_effect_on&quot;:&quot;none&quot;}\" data-widget_type=\"heading.default\">\n\t\t\t\t<div class=\"elementor-widget-container\">\n\t\t\t\t\t<h2 class=\"elementor-heading-title elementor-size-default\">Cobertura de la garant\u00eda basada en el sistema<\/h2>\t\t\t\t<\/div>\n\t\t\t\t<\/div>\n\t\t\t\t<div class=\"elementor-element elementor-element-26b3fb6 elementor-widget elementor-widget-heading\" data-id=\"26b3fb6\" data-element_type=\"widget\" data-e-type=\"widget\" data-settings=\"{&quot;ekit_we_effect_on&quot;:&quot;none&quot;}\" data-widget_type=\"heading.default\">\n\t\t\t\t<div class=\"elementor-widget-container\">\n\t\t\t\t\t<h2 class=\"elementor-heading-title elementor-size-default\">Puertas de torniquete - 3 a\u00f1os de garant\u00eda<\/h2>\t\t\t\t<\/div>\n\t\t\t\t<\/div>\n\t\t\t\t<div class=\"elementor-element elementor-element-aa1ae2c elementor-widget elementor-widget-text-editor\" data-id=\"aa1ae2c\" data-element_type=\"widget\" data-e-type=\"widget\" data-settings=\"{&quot;ekit_we_effect_on&quot;:&quot;none&quot;}\" data-widget_type=\"text-editor.default\">\n\t\t\t\t<div class=\"elementor-widget-container\">\n\t\t\t\t\t\t\t\t\t<p><strong>Se aplica a todos los productos de puerta de acceso peatonal YUNSHAO, incluidos:<\/strong><\/p><ul><li>Puertas r\u00e1pidas<\/li><li>Puertas giratorias<\/li><li>Puertas de barrera abatibles<\/li><li>Torniquetes deslizantes<\/li><li>Torniquetes tr\u00edpodes<\/li><li>Torniquetes de altura completa<\/li><\/ul>\t\t\t\t\t\t\t\t<\/div>\n\t\t\t\t<\/div>\n\t\t\t\t<div class=\"elementor-element elementor-element-ad288db elementor-widget elementor-widget-heading\" data-id=\"ad288db\" data-element_type=\"widget\" data-e-type=\"widget\" data-settings=\"{&quot;ekit_we_effect_on&quot;:&quot;none&quot;}\" data-widget_type=\"heading.default\">\n\t\t\t\t<div class=\"elementor-widget-container\">\n\t\t\t\t\t<h2 class=\"elementor-heading-title elementor-size-default\">Sistemas de gesti\u00f3n de aparcamientos - Garant\u00eda de 1 a\u00f1o<\/h2>\t\t\t\t<\/div>\n\t\t\t\t<\/div>\n\t\t\t\t<div class=\"elementor-element elementor-element-b717736 elementor-widget elementor-widget-text-editor\" data-id=\"b717736\" data-element_type=\"widget\" data-e-type=\"widget\" data-settings=\"{&quot;ekit_we_effect_on&quot;:&quot;none&quot;}\" data-widget_type=\"text-editor.default\">\n\t\t\t\t<div class=\"elementor-widget-container\">\n\t\t\t\t\t\t\t\t\t<p><strong>Se aplica a los equipos primarios de control de estacionamiento y acceso de veh\u00edculos, incluidos:<\/strong><\/p><ul><li>C\u00e1maras LPR (reconocimiento de matr\u00edculas)<\/li><li>Barreras de pluma<\/li><li>Ticket de aparcamiento \/ Dispensadores de tarjetas<\/li><li>Terminales de pago para aparcamientos<\/li><li>Dispositivos del sistema de guiado de aparcamientos<\/li><li>Sensores ultras\u00f3nicos de aparcamiento<\/li><li>Lectores RFID UHF de largo alcance<\/li><li>Accesorios y perif\u00e9ricos de aparcamiento<\/li><\/ul>\t\t\t\t\t\t\t\t<\/div>\n\t\t\t\t<\/div>\n\t\t\t\t<div class=\"elementor-element elementor-element-86a9071 elementor-widget elementor-widget-heading\" data-id=\"86a9071\" data-element_type=\"widget\" data-e-type=\"widget\" data-settings=\"{&quot;ekit_we_effect_on&quot;:&quot;none&quot;}\" data-widget_type=\"heading.default\">\n\t\t\t\t<div class=\"elementor-widget-container\">\n\t\t\t\t\t<h2 class=\"elementor-heading-title elementor-size-default\">\u00c1mbito de cobertura de la garant\u00eda<\/h2>\t\t\t\t<\/div>\n\t\t\t\t<\/div>\n\t\t\t\t<div class=\"elementor-element elementor-element-c3bcde2 elementor-widget elementor-widget-text-editor\" data-id=\"c3bcde2\" data-element_type=\"widget\" data-e-type=\"widget\" data-settings=\"{&quot;ekit_we_effect_on&quot;:&quot;none&quot;}\" data-widget_type=\"text-editor.default\">\n\t\t\t\t<div class=\"elementor-widget-container\">\n\t\t\t\t\t\t\t\t\t<p><strong>Durante el periodo de garant\u00eda aplicable, YUNSHAO reparar\u00e1 o sustituir\u00e1 los productos o componentes defectuosos causados por:<\/strong><\/p><ul><li>Defectos de fabricaci\u00f3n<\/li><li>Defectos materiales<\/li><li>Problemas de mano de obra<\/li><\/ul><p><strong>Los componentes cubiertos incluyen, entre otros:<\/strong><\/p><ul><li>Placas base, placas de control, placas de controladores<\/li><li>Motores, controladores de motor, reductores, componentes de transmisi\u00f3n<\/li><li>Fuentes de alimentaci\u00f3n y cableado interno<\/li><li>Sensores, detectores infrarrojos, finales de carrera<\/li><li>Interfaces de comunicaci\u00f3n<br \/>(TCP\/IP, RS485, RS232, Wiegand, Rel\u00e9)<\/li><li>Indicadores luminosos, m\u00f3dulos LED, zumbadores<\/li><li>Fallos relacionados con el firmware o el software oficial<\/li><\/ul><p>Si la reparaci\u00f3n no es t\u00e9cnicamente factible, YUNSHAO puede proporcionar un reemplazo de rendimiento equivalente.<\/p>\t\t\t\t\t\t\t\t<\/div>\n\t\t\t\t<\/div>\n\t\t\t\t<div class=\"elementor-element elementor-element-ca09caf elementor-widget elementor-widget-heading\" data-id=\"ca09caf\" data-element_type=\"widget\" data-e-type=\"widget\" data-settings=\"{&quot;ekit_we_effect_on&quot;:&quot;none&quot;}\" data-widget_type=\"heading.default\">\n\t\t\t\t<div class=\"elementor-widget-container\">\n\t\t\t\t\t<h2 class=\"elementor-heading-title elementor-size-default\">Exclusiones de la garant\u00eda<\/h2>\t\t\t\t<\/div>\n\t\t\t\t<\/div>\n\t\t\t\t<div class=\"elementor-element elementor-element-4cbad4d elementor-widget elementor-widget-text-editor\" data-id=\"4cbad4d\" data-element_type=\"widget\" data-e-type=\"widget\" data-settings=\"{&quot;ekit_we_effect_on&quot;:&quot;none&quot;}\" data-widget_type=\"text-editor.default\">\n\t\t\t\t<div class=\"elementor-widget-container\">\n\t\t\t\t\t\t\t\t\t<p><strong>La garant\u00eda no se aplica a:<\/strong><\/p><ul><li>Desmontaje, reparaci\u00f3n o modificaci\u00f3n no autorizados.<\/li><li>Software o firmware alterado sin autorizaci\u00f3n<\/li><li>Instalaci\u00f3n inadecuada, cableado incorrecto o uso indebido<\/li><li>Da\u00f1os f\u00edsicos, da\u00f1os por impacto o vandalismo<\/li><li>Entrada de agua en productos sin clasificaci\u00f3n IP<\/li><li>Da\u00f1os ambientales, corrosi\u00f3n o exposici\u00f3n qu\u00edmica<\/li><li>Acontecimientos de fuerza mayor (incendios, inundaciones, rayos, terremotos)<\/li><li>Desgaste normal, piezas consumibles o envejecimiento est\u00e9tico<\/li><\/ul>\t\t\t\t\t\t\t\t<\/div>\n\t\t\t\t<\/div>\n\t\t\t\t<div class=\"elementor-element elementor-element-b13afc8 elementor-widget elementor-widget-heading\" data-id=\"b13afc8\" data-element_type=\"widget\" data-e-type=\"widget\" data-settings=\"{&quot;ekit_we_effect_on&quot;:&quot;none&quot;}\" data-widget_type=\"heading.default\">\n\t\t\t\t<div class=\"elementor-widget-container\">\n\t\t\t\t\t<h2 class=\"elementor-heading-title elementor-size-default\">Procedimiento de servicio en garant\u00eda<\/h2>\t\t\t\t<\/div>\n\t\t\t\t<\/div>\n\t\t\t\t<div class=\"elementor-element elementor-element-3ee09b3 elementor-widget elementor-widget-text-editor\" data-id=\"3ee09b3\" data-element_type=\"widget\" data-e-type=\"widget\" data-settings=\"{&quot;ekit_we_effect_on&quot;:&quot;none&quot;}\" data-widget_type=\"text-editor.default\">\n\t\t\t\t<div class=\"elementor-widget-container\">\n\t\t\t\t\t\t\t\t\t<p><strong>1.<\/strong> El cliente proporciona el modelo del producto, el n\u00famero de serie, la referencia del env\u00edo y la descripci\u00f3n de la aver\u00eda (pueden ser necesarias fotos o v\u00eddeos).<\/p><p><strong>2.<\/strong> Los ingenieros de YUNSHAO realizan diagn\u00f3sticos a distancia o solicitan la devoluci\u00f3n de piezas defectuosas<\/p><p><strong>3.<\/strong> Los casos de garant\u00eda aprobados se reparan o sustituyen sin coste alguno<\/p><p><strong>Responsabilidad log\u00edstica<\/strong><\/p><ul><li>El cliente env\u00eda art\u00edculos o piezas defectuosas a YUNSHAO<\/li><li>YUNSHAO env\u00eda las piezas reparadas o sustituidas al cliente<\/li><\/ul>\t\t\t\t\t\t\t\t<\/div>\n\t\t\t\t<\/div>\n\t\t\t\t<div class=\"elementor-element elementor-element-0d5d4c3 elementor-widget elementor-widget-heading\" data-id=\"0d5d4c3\" data-element_type=\"widget\" data-e-type=\"widget\" data-settings=\"{&quot;ekit_we_effect_on&quot;:&quot;none&quot;}\" data-widget_type=\"heading.default\">\n\t\t\t\t<div class=\"elementor-widget-container\">\n\t\t\t\t\t<h2 class=\"elementor-heading-title elementor-size-default\">Asistencia posgarant\u00eda<\/h2>\t\t\t\t<\/div>\n\t\t\t\t<\/div>\n\t\t\t\t<div class=\"elementor-element elementor-element-3ceb441 elementor-widget elementor-widget-text-editor\" data-id=\"3ceb441\" data-element_type=\"widget\" data-e-type=\"widget\" data-settings=\"{&quot;ekit_we_effect_on&quot;:&quot;none&quot;}\" data-widget_type=\"text-editor.default\">\n\t\t\t\t<div class=\"elementor-widget-container\">\n\t\t\t\t\t\t\t\t\t<p><strong>Tras el vencimiento de la garant\u00eda, YUNSHAO sigue proporcionando:<\/strong><\/p><ul><li>Servicios de reparaci\u00f3n y mantenimiento de pago<\/li><li>Suministro de piezas de recambio<\/li><li>Asistencia t\u00e9cnica de por vida para todos los productos YUNSHAO<\/li><\/ul>\t\t\t\t\t\t\t\t<\/div>\n\t\t\t\t<\/div>\n\t\t\t\t<div class=\"elementor-element elementor-element-13f807a elementor-widget elementor-widget-heading\" data-id=\"13f807a\" data-element_type=\"widget\" data-e-type=\"widget\" data-settings=\"{&quot;ekit_we_effect_on&quot;:&quot;none&quot;}\" data-widget_type=\"heading.default\">\n\t\t\t\t<div class=\"elementor-widget-container\">\n\t\t\t\t\t<h2 class=\"elementor-heading-title elementor-size-default\">Informaci\u00f3n de contacto<\/h2>\t\t\t\t<\/div>\n\t\t\t\t<\/div>\n\t\t\t\t<div class=\"elementor-element elementor-element-11a0c2b elementor-widget elementor-widget-text-editor\" data-id=\"11a0c2b\" data-element_type=\"widget\" data-e-type=\"widget\" data-settings=\"{&quot;ekit_we_effect_on&quot;:&quot;none&quot;}\" data-widget_type=\"text-editor.default\">\n\t\t\t\t<div class=\"elementor-widget-container\">\n\t\t\t\t\t\t\t\t\t<p data-start=\"1772\" data-end=\"1850\"><strong>Para cualquier asunto relacionado con la garant\u00eda, asistencia o mantenimiento, p\u00f3ngase en contacto con nosotros:<\/strong><\/p><p data-start=\"1852\" data-end=\"1930\"><strong data-start=\"1852\" data-end=\"1882\">Tel\u00e9fono \/ WhatsApp \/ WeChat:<\/strong> +86 19540588776<br data-start=\"1898\" data-end=\"1901\" \/><strong data-start=\"1901\" data-end=\"1911\">Correo electr\u00f3nico:<\/strong> <a class=\"decorated-link cursor-pointer\" href=\"mailto:info@yunshao.com\" rel=\"noopener\" data-start=\"1912\" data-end=\"1928\">info@yunshao.com<\/a><\/p>\t\t\t\t\t\t\t\t<\/div>\n\t\t\t\t<\/div>\n\t\t\t\t\t<\/div>\n\t\t\t\t<\/div>\n\t\t\t\t<\/div>","protected":false},"excerpt":{"rendered":"<p>Home Warranty Policy YUNSHAO provides system-based warranty coverage according to different product categories.Warranty terms vary by system type to ensure [&hellip;]<\/p>\n","protected":false},"author":1,"featured_media":0,"parent":0,"menu_order":0,"comment_status":"closed","ping_status":"closed","template":"elementor_header_footer","meta":{"site-sidebar-layout":"no-sidebar","site-content-layout":"","ast-site-content-layout":"full-width-container","site-content-style":"default","site-sidebar-style":"default","ast-global-header-display":"","ast-banner-title-visibility":"","ast-main-header-display":"","ast-hfb-above-header-display":"","ast-hfb-below-header-display":"","ast-hfb-mobile-header-display":"","site-post-title":"","ast-breadcrumbs-content":"","ast-featured-img":"disabled","footer-sml-layout":"","ast-disable-related-posts":"","theme-transparent-header-meta":"","adv-header-id-meta":"","stick-header-meta":"","header-above-stick-meta":"","header-main-stick-meta":"","header-below-stick-meta":"","astra-migrate-meta-layouts":"default","ast-page-background-enabled":"default","ast-page-background-meta":{"desktop":{"background-color":"var(--ast-global-color-5)","background-image":"","background-repeat":"repeat","background-position":"center center","background-size":"auto","background-attachment":"scroll","background-type":"","background-media":"","overlay-type":"","overlay-color":"","overlay-opacity":"","overlay-gradient":""},"tablet":{"background-color":"","background-image":"","background-repeat":"repeat","background-position":"center center","background-size":"auto","background-attachment":"scroll","background-type":"","background-media":"","overlay-type":"","overlay-color":"","overlay-opacity":"","overlay-gradient":""},"mobile":{"background-color":"","background-image":"","background-repeat":"repeat","background-position":"center center","background-size":"auto","background-attachment":"scroll","background-type":"","background-media":"","overlay-type":"","overlay-color":"","overlay-opacity":"","overlay-gradient":""}},"ast-content-background-meta":{"desktop":{"background-color":"var(--ast-global-color-4)","background-image":"","background-repeat":"repeat","background-position":"center center","background-size":"auto","background-attachment":"scroll","background-type":"","background-media":"","overlay-type":"","overlay-color":"","overlay-opacity":"","overlay-gradient":""},"tablet":{"background-color":"var(--ast-global-color-4)","background-image":"","background-repeat":"repeat","background-position":"center center","background-size":"auto","background-attachment":"scroll","background-type":"","background-media":"","overlay-type":"","overlay-color":"","overlay-opacity":"","overlay-gradient":""},"mobile":{"background-color":"var(--ast-global-color-4)","background-image":"","background-repeat":"repeat","background-position":"center center","background-size":"auto","background-attachment":"scroll","background-type":"","background-media":"","overlay-type":"","overlay-color":"","overlay-opacity":"","overlay-gradient":""}},"footnotes":""},"class_list":["post-5405","page","type-page","status-publish","hentry"],"_links":{"self":[{"href":"https:\/\/www.yunshao.com\/es\/wp-json\/wp\/v2\/pages\/5405","targetHints":{"allow":["GET"]}}],"collection":[{"href":"https:\/\/www.yunshao.com\/es\/wp-json\/wp\/v2\/pages"}],"about":[{"href":"https:\/\/www.yunshao.com\/es\/wp-json\/wp\/v2\/types\/page"}],"author":[{"embeddable":true,"href":"https:\/\/www.yunshao.com\/es\/wp-json\/wp\/v2\/users\/1"}],"replies":[{"embeddable":true,"href":"https:\/\/www.yunshao.com\/es\/wp-json\/wp\/v2\/comments?post=5405"}],"version-history":[{"count":37,"href":"https:\/\/www.yunshao.com\/es\/wp-json\/wp\/v2\/pages\/5405\/revisions"}],"predecessor-version":[{"id":10444,"href":"https:\/\/www.yunshao.com\/es\/wp-json\/wp\/v2\/pages\/5405\/revisions\/10444"}],"wp:attachment":[{"href":"https:\/\/www.yunshao.com\/es\/wp-json\/wp\/v2\/media?parent=5405"}],"curies":[{"name":"wp","href":"https:\/\/api.w.org\/{rel}","templated":true}]}}