{"id":5405,"date":"2025-12-05T11:27:43","date_gmt":"2025-12-05T03:27:43","guid":{"rendered":"https:\/\/www.yunshao.com\/?page_id=5405"},"modified":"2026-02-07T12:15:16","modified_gmt":"2026-02-07T04:15:16","slug":"warranty-policy","status":"publish","type":"page","link":"https:\/\/www.yunshao.com\/pl\/warranty-policy\/","title":{"rendered":"Polityka gwarancyjna"},"content":{"rendered":"<div data-elementor-type=\"wp-page\" data-elementor-id=\"5405\" class=\"elementor elementor-5405\" data-elementor-post-type=\"page\">\n\t\t\t\t<div class=\"elementor-element elementor-element-4bc8c45 e-flex e-con-boxed e-con e-parent\" data-id=\"4bc8c45\" data-element_type=\"container\" data-e-type=\"container\" data-settings=\"{&quot;background_background&quot;:&quot;classic&quot;,&quot;ekit_has_onepagescroll_dot&quot;:&quot;yes&quot;}\">\n\t\t\t\t\t<div class=\"e-con-inner\">\n\t\t\t\t<div class=\"elementor-element elementor-element-d1905c2 elementor-widget elementor-widget-elementskit-breadcrumb\" data-id=\"d1905c2\" data-element_type=\"widget\" data-e-type=\"widget\" data-settings=\"{&quot;ekit_we_effect_on&quot;:&quot;none&quot;}\" data-widget_type=\"elementskit-breadcrumb.default\">\n\t\t\t\t<div class=\"elementor-widget-container\">\n\t\t\t\t\t<div class=\"ekit-wid-con\" ><ol class=\"ekit-breadcrumb\"><li class=\"ekit_breadcrumbs_start\"><a href=\"https:\/\/www.yunshao.com\/pl\/\">Strona g\u0142\u00f3wna<\/a><\/li> <li class=\"brd_sep\"> \u00bb <\/li>  <li>Polityka gwarancyjna<\/li><\/ol><\/div>\t\t\t\t<\/div>\n\t\t\t\t<\/div>\n\t\t\t\t\t<\/div>\n\t\t\t\t<\/div>\n\t\t<div class=\"elementor-element elementor-element-86e06a0 e-flex e-con-boxed e-con e-parent\" data-id=\"86e06a0\" data-element_type=\"container\" data-e-type=\"container\" data-settings=\"{&quot;ekit_has_onepagescroll_dot&quot;:&quot;yes&quot;}\">\n\t\t\t\t\t<div class=\"e-con-inner\">\n\t\t\t\t<div class=\"elementor-element elementor-element-e466601 elementor-widget elementor-widget-heading\" data-id=\"e466601\" data-element_type=\"widget\" data-e-type=\"widget\" data-settings=\"{&quot;ekit_we_effect_on&quot;:&quot;none&quot;}\" data-widget_type=\"heading.default\">\n\t\t\t\t<div class=\"elementor-widget-container\">\n\t\t\t\t\t<h1 class=\"elementor-heading-title elementor-size-default\">Polityka gwarancyjna<\/h1>\t\t\t\t<\/div>\n\t\t\t\t<\/div>\n\t\t\t\t<div class=\"elementor-element elementor-element-b9cf8ac elementor-widget elementor-widget-text-editor\" data-id=\"b9cf8ac\" data-element_type=\"widget\" data-e-type=\"widget\" data-settings=\"{&quot;ekit_we_effect_on&quot;:&quot;none&quot;}\" data-widget_type=\"text-editor.default\">\n\t\t\t\t<div class=\"elementor-widget-container\">\n\t\t\t\t\t\t\t\t\t<p>YUNSHAO zapewnia systemow\u0105 ochron\u0119 gwarancyjn\u0105 dla r\u00f3\u017cnych kategorii produkt\u00f3w.<br \/>Warunki gwarancji r\u00f3\u017cni\u0105 si\u0119 w zale\u017cno\u015bci od typu systemu, aby zapewni\u0107 jasn\u0105 odpowiedzialno\u015b\u0107 i d\u0142ugoterminow\u0105 niezawodno\u015b\u0107 dzia\u0142ania.<\/p><p>Wszystkie okresy gwarancji rozpoczynaj\u0105 si\u0119 od daty wysy\u0142ki, chyba \u017ce uzgodniono inaczej na pi\u015bmie.<\/p>\t\t\t\t\t\t\t\t<\/div>\n\t\t\t\t<\/div>\n\t\t\t\t<div class=\"elementor-element elementor-element-d7d3c79 elementor-widget elementor-widget-heading\" data-id=\"d7d3c79\" data-element_type=\"widget\" data-e-type=\"widget\" data-settings=\"{&quot;ekit_we_effect_on&quot;:&quot;none&quot;}\" data-widget_type=\"heading.default\">\n\t\t\t\t<div class=\"elementor-widget-container\">\n\t\t\t\t\t<h2 class=\"elementor-heading-title elementor-size-default\">Systemowa ochrona gwarancyjna<\/h2>\t\t\t\t<\/div>\n\t\t\t\t<\/div>\n\t\t\t\t<div class=\"elementor-element elementor-element-26b3fb6 elementor-widget elementor-widget-heading\" data-id=\"26b3fb6\" data-element_type=\"widget\" data-e-type=\"widget\" data-settings=\"{&quot;ekit_we_effect_on&quot;:&quot;none&quot;}\" data-widget_type=\"heading.default\">\n\t\t\t\t<div class=\"elementor-widget-container\">\n\t\t\t\t\t<h2 class=\"elementor-heading-title elementor-size-default\">Bramki obrotowe - 3-letnia gwarancja<\/h2>\t\t\t\t<\/div>\n\t\t\t\t<\/div>\n\t\t\t\t<div class=\"elementor-element elementor-element-aa1ae2c elementor-widget elementor-widget-text-editor\" data-id=\"aa1ae2c\" data-element_type=\"widget\" data-e-type=\"widget\" data-settings=\"{&quot;ekit_we_effect_on&quot;:&quot;none&quot;}\" data-widget_type=\"text-editor.default\">\n\t\t\t\t<div class=\"elementor-widget-container\">\n\t\t\t\t\t\t\t\t\t<p><strong>Dotyczy wszystkich bramek dla pieszych YUNSHAO, w tym:<\/strong><\/p><ul><li>Bramki pr\u0119dko\u015bci<\/li><li>Bramki obrotowe<\/li><li>Bramy z barier\u0105 klapow\u0105<\/li><li>Bramki obrotowe przesuwne<\/li><li>Ko\u0142owroty na tr\u00f3jnogu<\/li><li>Bramki obrotowe o pe\u0142nej wysoko\u015bci<\/li><\/ul>\t\t\t\t\t\t\t\t<\/div>\n\t\t\t\t<\/div>\n\t\t\t\t<div class=\"elementor-element elementor-element-ad288db elementor-widget elementor-widget-heading\" data-id=\"ad288db\" data-element_type=\"widget\" data-e-type=\"widget\" data-settings=\"{&quot;ekit_we_effect_on&quot;:&quot;none&quot;}\" data-widget_type=\"heading.default\">\n\t\t\t\t<div class=\"elementor-widget-container\">\n\t\t\t\t\t<h2 class=\"elementor-heading-title elementor-size-default\">Systemy zarz\u0105dzania parkingiem - 1 rok gwarancji<\/h2>\t\t\t\t<\/div>\n\t\t\t\t<\/div>\n\t\t\t\t<div class=\"elementor-element elementor-element-b717736 elementor-widget elementor-widget-text-editor\" data-id=\"b717736\" data-element_type=\"widget\" data-e-type=\"widget\" data-settings=\"{&quot;ekit_we_effect_on&quot;:&quot;none&quot;}\" data-widget_type=\"text-editor.default\">\n\t\t\t\t<div class=\"elementor-widget-container\">\n\t\t\t\t\t\t\t\t\t<p><strong>Dotyczy podstawowych urz\u0105dze\u0144 do kontroli parkowania i dost\u0119pu do pojazd\u00f3w, w tym<\/strong><\/p><ul><li>Kamery LPR (rozpoznaj\u0105ce tablice rejestracyjne)<\/li><li>Bramy barierowe z wysi\u0119gnikiem<\/li><li>Dystrybutory bilet\u00f3w parkingowych \/ kart parkingowych<\/li><li>Terminale p\u0142atno\u015bci za parkowanie<\/li><li>Urz\u0105dzenia systemu naprowadzania na parking<\/li><li>Ultrad\u017awi\u0119kowe czujniki parkowania<\/li><li>Czytniki RFID UHF dalekiego zasi\u0119gu<\/li><li>Akcesoria parkingowe i urz\u0105dzenia peryferyjne<\/li><\/ul>\t\t\t\t\t\t\t\t<\/div>\n\t\t\t\t<\/div>\n\t\t\t\t<div class=\"elementor-element elementor-element-86a9071 elementor-widget elementor-widget-heading\" data-id=\"86a9071\" data-element_type=\"widget\" data-e-type=\"widget\" data-settings=\"{&quot;ekit_we_effect_on&quot;:&quot;none&quot;}\" data-widget_type=\"heading.default\">\n\t\t\t\t<div class=\"elementor-widget-container\">\n\t\t\t\t\t<h2 class=\"elementor-heading-title elementor-size-default\">Zakres gwarancji<\/h2>\t\t\t\t<\/div>\n\t\t\t\t<\/div>\n\t\t\t\t<div class=\"elementor-element elementor-element-c3bcde2 elementor-widget elementor-widget-text-editor\" data-id=\"c3bcde2\" data-element_type=\"widget\" data-e-type=\"widget\" data-settings=\"{&quot;ekit_we_effect_on&quot;:&quot;none&quot;}\" data-widget_type=\"text-editor.default\">\n\t\t\t\t<div class=\"elementor-widget-container\">\n\t\t\t\t\t\t\t\t\t<p><strong>W obowi\u0105zuj\u0105cym okresie gwarancyjnym YUNSHAO naprawi lub wymieni wadliwe produkty lub komponenty spowodowane przez:<\/strong><\/p><ul><li>Wady produkcyjne<\/li><li>Wady materia\u0142owe<\/li><li>Kwestie jako\u015bci wykonania<\/li><\/ul><p><strong>Obj\u0119te komponenty obejmuj\u0105 m.in:<\/strong><\/p><ul><li>P\u0142yty g\u0142\u00f3wne, p\u0142yty steruj\u0105ce, p\u0142yty sterownik\u00f3w<\/li><li>Silniki, sterowniki silnik\u00f3w, reduktory, elementy przek\u0142adni<\/li><li>Zasilacze i okablowanie wewn\u0119trzne<\/li><li>Czujniki, czujniki podczerwieni, wy\u0142\u0105czniki kra\u0144cowe<\/li><li>Interfejsy komunikacyjne<br \/>(TCP\/IP, RS485, RS232, Wiegand, przeka\u017anik)<\/li><li>Lampki sygnalizacyjne, modu\u0142y LED, modu\u0142y brz\u0119czyka<\/li><li>Wadliwe dzia\u0142anie oprogramowania sprz\u0119towego lub oficjalnego oprogramowania<\/li><\/ul><p>Je\u015bli naprawa nie jest technicznie wykonalna, YUNSHAO mo\u017ce dostarczy\u0107 zamiennik o r\u00f3wnowa\u017cnych parametrach.<\/p>\t\t\t\t\t\t\t\t<\/div>\n\t\t\t\t<\/div>\n\t\t\t\t<div class=\"elementor-element elementor-element-ca09caf elementor-widget elementor-widget-heading\" data-id=\"ca09caf\" data-element_type=\"widget\" data-e-type=\"widget\" data-settings=\"{&quot;ekit_we_effect_on&quot;:&quot;none&quot;}\" data-widget_type=\"heading.default\">\n\t\t\t\t<div class=\"elementor-widget-container\">\n\t\t\t\t\t<h2 class=\"elementor-heading-title elementor-size-default\">Wy\u0142\u0105czenia gwarancji<\/h2>\t\t\t\t<\/div>\n\t\t\t\t<\/div>\n\t\t\t\t<div class=\"elementor-element elementor-element-4cbad4d elementor-widget elementor-widget-text-editor\" data-id=\"4cbad4d\" data-element_type=\"widget\" data-e-type=\"widget\" data-settings=\"{&quot;ekit_we_effect_on&quot;:&quot;none&quot;}\" data-widget_type=\"text-editor.default\">\n\t\t\t\t<div class=\"elementor-widget-container\">\n\t\t\t\t\t\t\t\t\t<p><strong>Gwarancja nie obejmuje:<\/strong><\/p><ul><li>Nieautoryzowany demonta\u017c, naprawa lub modyfikacja<\/li><li>Oprogramowanie lub firmware zmienione bez autoryzacji<\/li><li>Nieprawid\u0142owa instalacja, nieprawid\u0142owe okablowanie lub niew\u0142a\u015bciwe u\u017cytkowanie<\/li><li>Uszkodzenia fizyczne, uderzenia lub akty wandalizmu<\/li><li>Wnikanie wody do produkt\u00f3w nieposiadaj\u0105cych klasyfikacji IP<\/li><li>Uszkodzenia \u015brodowiskowe, korozja lub nara\u017cenie chemiczne<\/li><li>Zdarzenia si\u0142y wy\u017cszej (po\u017car, pow\u00f3d\u017a, uderzenie pioruna, trz\u0119sienie ziemi)<\/li><li>Normalne zu\u017cycie, cz\u0119\u015bci eksploatacyjne lub starzenie kosmetyczne<\/li><\/ul>\t\t\t\t\t\t\t\t<\/div>\n\t\t\t\t<\/div>\n\t\t\t\t<div class=\"elementor-element elementor-element-b13afc8 elementor-widget elementor-widget-heading\" data-id=\"b13afc8\" data-element_type=\"widget\" data-e-type=\"widget\" data-settings=\"{&quot;ekit_we_effect_on&quot;:&quot;none&quot;}\" data-widget_type=\"heading.default\">\n\t\t\t\t<div class=\"elementor-widget-container\">\n\t\t\t\t\t<h2 class=\"elementor-heading-title elementor-size-default\">Procedura serwisu gwarancyjnego<\/h2>\t\t\t\t<\/div>\n\t\t\t\t<\/div>\n\t\t\t\t<div class=\"elementor-element elementor-element-3ee09b3 elementor-widget elementor-widget-text-editor\" data-id=\"3ee09b3\" data-element_type=\"widget\" data-e-type=\"widget\" data-settings=\"{&quot;ekit_we_effect_on&quot;:&quot;none&quot;}\" data-widget_type=\"text-editor.default\">\n\t\t\t\t<div class=\"elementor-widget-container\">\n\t\t\t\t\t\t\t\t\t<p><strong>1.<\/strong> Klient dostarcza model produktu, numer seryjny, numer referencyjny przesy\u0142ki i opis usterki (mog\u0105 by\u0107 wymagane zdj\u0119cia lub filmy).<\/p><p><strong>2.<\/strong> In\u017cynierowie YUNSHAO przeprowadzaj\u0105 zdaln\u0105 diagnostyk\u0119 lub \u017c\u0105daj\u0105 zwrotu wadliwych cz\u0119\u015bci.<\/p><p><strong>3.<\/strong> Zatwierdzone obudowy gwarancyjne s\u0105 naprawiane lub wymieniane bezp\u0142atnie<\/p><p><strong>Odpowiedzialno\u015b\u0107 za logistyk\u0119<\/strong><\/p><ul><li>Klient wysy\u0142a wadliwe elementy lub cz\u0119\u015bci do YUNSHAO<\/li><li>YUNSHAO wysy\u0142a naprawione lub wymienione cz\u0119\u015bci z powrotem do klienta.<\/li><\/ul>\t\t\t\t\t\t\t\t<\/div>\n\t\t\t\t<\/div>\n\t\t\t\t<div class=\"elementor-element elementor-element-0d5d4c3 elementor-widget elementor-widget-heading\" data-id=\"0d5d4c3\" data-element_type=\"widget\" data-e-type=\"widget\" data-settings=\"{&quot;ekit_we_effect_on&quot;:&quot;none&quot;}\" data-widget_type=\"heading.default\">\n\t\t\t\t<div class=\"elementor-widget-container\">\n\t\t\t\t\t<h2 class=\"elementor-heading-title elementor-size-default\">Wsparcie pogwarancyjne<\/h2>\t\t\t\t<\/div>\n\t\t\t\t<\/div>\n\t\t\t\t<div class=\"elementor-element elementor-element-3ceb441 elementor-widget elementor-widget-text-editor\" data-id=\"3ceb441\" data-element_type=\"widget\" data-e-type=\"widget\" data-settings=\"{&quot;ekit_we_effect_on&quot;:&quot;none&quot;}\" data-widget_type=\"text-editor.default\">\n\t\t\t\t<div class=\"elementor-widget-container\">\n\t\t\t\t\t\t\t\t\t<p><strong>Po wyga\u015bni\u0119ciu gwarancji YUNSHAO nadal zapewnia:<\/strong><\/p><ul><li>P\u0142atne us\u0142ugi naprawy i konserwacji<\/li><li>Dostawa cz\u0119\u015bci zamiennych<\/li><li>Do\u017cywotnia pomoc techniczna dla wszystkich produkt\u00f3w YUNSHAO<\/li><\/ul>\t\t\t\t\t\t\t\t<\/div>\n\t\t\t\t<\/div>\n\t\t\t\t<div class=\"elementor-element elementor-element-13f807a elementor-widget elementor-widget-heading\" data-id=\"13f807a\" data-element_type=\"widget\" data-e-type=\"widget\" data-settings=\"{&quot;ekit_we_effect_on&quot;:&quot;none&quot;}\" data-widget_type=\"heading.default\">\n\t\t\t\t<div class=\"elementor-widget-container\">\n\t\t\t\t\t<h2 class=\"elementor-heading-title elementor-size-default\">Informacje kontaktowe<\/h2>\t\t\t\t<\/div>\n\t\t\t\t<\/div>\n\t\t\t\t<div class=\"elementor-element elementor-element-11a0c2b elementor-widget elementor-widget-text-editor\" data-id=\"11a0c2b\" data-element_type=\"widget\" data-e-type=\"widget\" data-settings=\"{&quot;ekit_we_effect_on&quot;:&quot;none&quot;}\" data-widget_type=\"text-editor.default\">\n\t\t\t\t<div class=\"elementor-widget-container\">\n\t\t\t\t\t\t\t\t\t<p data-start=\"1772\" data-end=\"1850\"><strong>W przypadku jakichkolwiek pyta\u0144 dotycz\u0105cych gwarancji, wsparcia lub konserwacji prosimy o kontakt:<\/strong><\/p><p data-start=\"1852\" data-end=\"1930\"><strong data-start=\"1852\" data-end=\"1882\">Telefon \/ WhatsApp \/ WeChat:<\/strong> +86 19540588776<br data-start=\"1898\" data-end=\"1901\" \/><strong data-start=\"1901\" data-end=\"1911\">E-mail:<\/strong> <a class=\"decorated-link cursor-pointer\" href=\"mailto:info@yunshao.com\" rel=\"noopener\" data-start=\"1912\" data-end=\"1928\">info@yunshao.com<\/a><\/p>\t\t\t\t\t\t\t\t<\/div>\n\t\t\t\t<\/div>\n\t\t\t\t\t<\/div>\n\t\t\t\t<\/div>\n\t\t\t\t<\/div>","protected":false},"excerpt":{"rendered":"<p>Home Warranty Policy YUNSHAO provides system-based warranty coverage according to different product categories.Warranty terms vary by system type to ensure [&hellip;]<\/p>\n","protected":false},"author":1,"featured_media":0,"parent":0,"menu_order":0,"comment_status":"closed","ping_status":"closed","template":"elementor_header_footer","meta":{"site-sidebar-layout":"no-sidebar","site-content-layout":"","ast-site-content-layout":"full-width-container","site-content-style":"default","site-sidebar-style":"default","ast-global-header-display":"","ast-banner-title-visibility":"","ast-main-header-display":"","ast-hfb-above-header-display":"","ast-hfb-below-header-display":"","ast-hfb-mobile-header-display":"","site-post-title":"","ast-breadcrumbs-content":"","ast-featured-img":"disabled","footer-sml-layout":"","ast-disable-related-posts":"","theme-transparent-header-meta":"","adv-header-id-meta":"","stick-header-meta":"","header-above-stick-meta":"","header-main-stick-meta":"","header-below-stick-meta":"","astra-migrate-meta-layouts":"default","ast-page-background-enabled":"default","ast-page-background-meta":{"desktop":{"background-color":"var(--ast-global-color-5)","background-image":"","background-repeat":"repeat","background-position":"center center","background-size":"auto","background-attachment":"scroll","background-type":"","background-media":"","overlay-type":"","overlay-color":"","overlay-opacity":"","overlay-gradient":""},"tablet":{"background-color":"","background-image":"","background-repeat":"repeat","background-position":"center center","background-size":"auto","background-attachment":"scroll","background-type":"","background-media":"","overlay-type":"","overlay-color":"","overlay-opacity":"","overlay-gradient":""},"mobile":{"background-color":"","background-image":"","background-repeat":"repeat","background-position":"center center","background-size":"auto","background-attachment":"scroll","background-type":"","background-media":"","overlay-type":"","overlay-color":"","overlay-opacity":"","overlay-gradient":""}},"ast-content-background-meta":{"desktop":{"background-color":"var(--ast-global-color-4)","background-image":"","background-repeat":"repeat","background-position":"center center","background-size":"auto","background-attachment":"scroll","background-type":"","background-media":"","overlay-type":"","overlay-color":"","overlay-opacity":"","overlay-gradient":""},"tablet":{"background-color":"var(--ast-global-color-4)","background-image":"","background-repeat":"repeat","background-position":"center center","background-size":"auto","background-attachment":"scroll","background-type":"","background-media":"","overlay-type":"","overlay-color":"","overlay-opacity":"","overlay-gradient":""},"mobile":{"background-color":"var(--ast-global-color-4)","background-image":"","background-repeat":"repeat","background-position":"center center","background-size":"auto","background-attachment":"scroll","background-type":"","background-media":"","overlay-type":"","overlay-color":"","overlay-opacity":"","overlay-gradient":""}},"footnotes":""},"class_list":["post-5405","page","type-page","status-publish","hentry"],"_links":{"self":[{"href":"https:\/\/www.yunshao.com\/pl\/wp-json\/wp\/v2\/pages\/5405","targetHints":{"allow":["GET"]}}],"collection":[{"href":"https:\/\/www.yunshao.com\/pl\/wp-json\/wp\/v2\/pages"}],"about":[{"href":"https:\/\/www.yunshao.com\/pl\/wp-json\/wp\/v2\/types\/page"}],"author":[{"embeddable":true,"href":"https:\/\/www.yunshao.com\/pl\/wp-json\/wp\/v2\/users\/1"}],"replies":[{"embeddable":true,"href":"https:\/\/www.yunshao.com\/pl\/wp-json\/wp\/v2\/comments?post=5405"}],"version-history":[{"count":37,"href":"https:\/\/www.yunshao.com\/pl\/wp-json\/wp\/v2\/pages\/5405\/revisions"}],"predecessor-version":[{"id":10444,"href":"https:\/\/www.yunshao.com\/pl\/wp-json\/wp\/v2\/pages\/5405\/revisions\/10444"}],"wp:attachment":[{"href":"https:\/\/www.yunshao.com\/pl\/wp-json\/wp\/v2\/media?parent=5405"}],"curies":[{"name":"wp","href":"https:\/\/api.w.org\/{rel}","templated":true}]}}