{"id":5405,"date":"2025-12-05T11:27:43","date_gmt":"2025-12-05T03:27:43","guid":{"rendered":"https:\/\/www.yunshao.com\/?page_id=5405"},"modified":"2026-02-07T12:15:16","modified_gmt":"2026-02-07T04:15:16","slug":"warranty-policy","status":"publish","type":"page","link":"https:\/\/www.yunshao.com\/sv\/warranty-policy\/","title":{"rendered":"Garantipolicy"},"content":{"rendered":"<div data-elementor-type=\"wp-page\" data-elementor-id=\"5405\" class=\"elementor elementor-5405\" data-elementor-post-type=\"page\">\n\t\t\t\t<div class=\"elementor-element elementor-element-4bc8c45 e-flex e-con-boxed e-con e-parent\" data-id=\"4bc8c45\" data-element_type=\"container\" data-e-type=\"container\" data-settings=\"{&quot;background_background&quot;:&quot;classic&quot;,&quot;ekit_has_onepagescroll_dot&quot;:&quot;yes&quot;}\">\n\t\t\t\t\t<div class=\"e-con-inner\">\n\t\t\t\t<div class=\"elementor-element elementor-element-d1905c2 elementor-widget elementor-widget-elementskit-breadcrumb\" data-id=\"d1905c2\" data-element_type=\"widget\" data-e-type=\"widget\" data-settings=\"{&quot;ekit_we_effect_on&quot;:&quot;none&quot;}\" data-widget_type=\"elementskit-breadcrumb.default\">\n\t\t\t\t<div class=\"elementor-widget-container\">\n\t\t\t\t\t<div class=\"ekit-wid-con\" ><ol class=\"ekit-breadcrumb\"><li class=\"ekit_breadcrumbs_start\"><a href=\"https:\/\/www.yunshao.com\/sv\/\">Hem<\/a><\/li> <li class=\"brd_sep\"> \u00bb <\/li>  <li>Garantipolicy<\/li><\/ol><\/div>\t\t\t\t<\/div>\n\t\t\t\t<\/div>\n\t\t\t\t\t<\/div>\n\t\t\t\t<\/div>\n\t\t<div class=\"elementor-element elementor-element-86e06a0 e-flex e-con-boxed e-con e-parent\" data-id=\"86e06a0\" data-element_type=\"container\" data-e-type=\"container\" data-settings=\"{&quot;ekit_has_onepagescroll_dot&quot;:&quot;yes&quot;}\">\n\t\t\t\t\t<div class=\"e-con-inner\">\n\t\t\t\t<div class=\"elementor-element elementor-element-e466601 elementor-widget elementor-widget-heading\" data-id=\"e466601\" data-element_type=\"widget\" data-e-type=\"widget\" data-settings=\"{&quot;ekit_we_effect_on&quot;:&quot;none&quot;}\" data-widget_type=\"heading.default\">\n\t\t\t\t<div class=\"elementor-widget-container\">\n\t\t\t\t\t<h1 class=\"elementor-heading-title elementor-size-default\">Garantipolicy<\/h1>\t\t\t\t<\/div>\n\t\t\t\t<\/div>\n\t\t\t\t<div class=\"elementor-element elementor-element-b9cf8ac elementor-widget elementor-widget-text-editor\" data-id=\"b9cf8ac\" data-element_type=\"widget\" data-e-type=\"widget\" data-settings=\"{&quot;ekit_we_effect_on&quot;:&quot;none&quot;}\" data-widget_type=\"text-editor.default\">\n\t\t\t\t<div class=\"elementor-widget-container\">\n\t\t\t\t\t\t\t\t\t<p>YUNSHAO tillhandah\u00e5ller systembaserad garanti enligt olika produktkategorier.<br \/>Garantivillkoren varierar beroende p\u00e5 systemtyp f\u00f6r att s\u00e4kerst\u00e4lla tydligt ansvar och l\u00e5ngsiktig drifts\u00e4kerhet.<\/p><p>Alla garantiperioder b\u00f6rjar l\u00f6pa fr\u00e5n leveransdatumet om inte annat avtalats skriftligen.<\/p>\t\t\t\t\t\t\t\t<\/div>\n\t\t\t\t<\/div>\n\t\t\t\t<div class=\"elementor-element elementor-element-d7d3c79 elementor-widget elementor-widget-heading\" data-id=\"d7d3c79\" data-element_type=\"widget\" data-e-type=\"widget\" data-settings=\"{&quot;ekit_we_effect_on&quot;:&quot;none&quot;}\" data-widget_type=\"heading.default\">\n\t\t\t\t<div class=\"elementor-widget-container\">\n\t\t\t\t\t<h2 class=\"elementor-heading-title elementor-size-default\">Systembaserat garantiskydd<\/h2>\t\t\t\t<\/div>\n\t\t\t\t<\/div>\n\t\t\t\t<div class=\"elementor-element elementor-element-26b3fb6 elementor-widget elementor-widget-heading\" data-id=\"26b3fb6\" data-element_type=\"widget\" data-e-type=\"widget\" data-settings=\"{&quot;ekit_we_effect_on&quot;:&quot;none&quot;}\" data-widget_type=\"heading.default\">\n\t\t\t\t<div class=\"elementor-widget-container\">\n\t\t\t\t\t<h2 class=\"elementor-heading-title elementor-size-default\">Turnstile-grindar - 3 \u00e5rs garanti<\/h2>\t\t\t\t<\/div>\n\t\t\t\t<\/div>\n\t\t\t\t<div class=\"elementor-element elementor-element-aa1ae2c elementor-widget elementor-widget-text-editor\" data-id=\"aa1ae2c\" data-element_type=\"widget\" data-e-type=\"widget\" data-settings=\"{&quot;ekit_we_effect_on&quot;:&quot;none&quot;}\" data-widget_type=\"text-editor.default\">\n\t\t\t\t<div class=\"elementor-widget-container\">\n\t\t\t\t\t\t\t\t\t<p><strong>G\u00e4ller f\u00f6r alla YUNSHAO-produkter f\u00f6r g\u00e5gator, inklusive:<\/strong><\/p><ul><li>Snabba grindar<\/li><li>Sv\u00e4ngbara v\u00e4ndkorsgrindar<\/li><li>Flap Barrier Grindar<\/li><li>Skjutbara v\u00e4ndkors<\/li><li>Tripod v\u00e4ndkors<\/li><li>Turnstiles i full h\u00f6jd<\/li><\/ul>\t\t\t\t\t\t\t\t<\/div>\n\t\t\t\t<\/div>\n\t\t\t\t<div class=\"elementor-element elementor-element-ad288db elementor-widget elementor-widget-heading\" data-id=\"ad288db\" data-element_type=\"widget\" data-e-type=\"widget\" data-settings=\"{&quot;ekit_we_effect_on&quot;:&quot;none&quot;}\" data-widget_type=\"heading.default\">\n\t\t\t\t<div class=\"elementor-widget-container\">\n\t\t\t\t\t<h2 class=\"elementor-heading-title elementor-size-default\">Parkeringsledningssystem - 1 \u00e5rs garanti<\/h2>\t\t\t\t<\/div>\n\t\t\t\t<\/div>\n\t\t\t\t<div class=\"elementor-element elementor-element-b717736 elementor-widget elementor-widget-text-editor\" data-id=\"b717736\" data-element_type=\"widget\" data-e-type=\"widget\" data-settings=\"{&quot;ekit_we_effect_on&quot;:&quot;none&quot;}\" data-widget_type=\"text-editor.default\">\n\t\t\t\t<div class=\"elementor-widget-container\">\n\t\t\t\t\t\t\t\t\t<p><strong>G\u00e4ller f\u00f6r prim\u00e4r utrustning f\u00f6r parkeringskontroll och fordonstilltr\u00e4de, inklusive:<\/strong><\/p><ul><li>LPR-kameror (igenk\u00e4nning av registreringsskyltar)<\/li><li>Bom Barri\u00e4r Grindar<\/li><li>Automater f\u00f6r parkeringsbiljetter\/kort<\/li><li>Betalterminaler f\u00f6r parkering<\/li><li>Apparater f\u00f6r parkeringsledningssystem<\/li><li>Ultraljudsbaserade parkeringssensorer<\/li><li>UHF RFID-l\u00e4sare med l\u00e5ng r\u00e4ckvidd<\/li><li>Tillbeh\u00f6r och kringutrustning f\u00f6r parkering<\/li><\/ul>\t\t\t\t\t\t\t\t<\/div>\n\t\t\t\t<\/div>\n\t\t\t\t<div class=\"elementor-element elementor-element-86a9071 elementor-widget elementor-widget-heading\" data-id=\"86a9071\" data-element_type=\"widget\" data-e-type=\"widget\" data-settings=\"{&quot;ekit_we_effect_on&quot;:&quot;none&quot;}\" data-widget_type=\"heading.default\">\n\t\t\t\t<div class=\"elementor-widget-container\">\n\t\t\t\t\t<h2 class=\"elementor-heading-title elementor-size-default\">Garantit\u00e4ckning Omfattning<\/h2>\t\t\t\t<\/div>\n\t\t\t\t<\/div>\n\t\t\t\t<div class=\"elementor-element elementor-element-c3bcde2 elementor-widget elementor-widget-text-editor\" data-id=\"c3bcde2\" data-element_type=\"widget\" data-e-type=\"widget\" data-settings=\"{&quot;ekit_we_effect_on&quot;:&quot;none&quot;}\" data-widget_type=\"text-editor.default\">\n\t\t\t\t<div class=\"elementor-widget-container\">\n\t\t\t\t\t\t\t\t\t<p><strong>Under den till\u00e4mpliga garantiperioden kommer YUNSHAO att reparera eller ers\u00e4tta defekta produkter eller komponenter som orsakats av:<\/strong><\/p><ul><li>Tillverkningsfel<\/li><li>Materialfel<\/li><li>Problem med utf\u00f6randet<\/li><\/ul><p><strong>De komponenter som omfattas \u00e4r bland annat, men inte begr\u00e4nsat till:<\/strong><\/p><ul><li>Huvudkort, styrkort, drivkort<\/li><li>Motorer, motorstyrningar, reducerare, transmissionskomponenter<\/li><li>Str\u00f6mf\u00f6rs\u00f6rjning och intern kabeldragning<\/li><li>Sensorer, infrar\u00f6da detektorer, gr\u00e4nsl\u00e4gesbrytare<\/li><li>Kommunikationsgr\u00e4nssnitt<br \/>(TCP\/IP, RS485, RS232, Wiegand, Rel\u00e4)<\/li><li>Indikeringslampor, LED-moduler, summerenheter<\/li><li>Fel i firmware eller officiell mjukvarurelaterad funktionsst\u00f6rning<\/li><\/ul><p>Om reparation inte \u00e4r tekniskt genomf\u00f6rbar kan YUNSHAO tillhandah\u00e5lla en ers\u00e4ttare med likv\u00e4rdig prestanda.<\/p>\t\t\t\t\t\t\t\t<\/div>\n\t\t\t\t<\/div>\n\t\t\t\t<div class=\"elementor-element elementor-element-ca09caf elementor-widget elementor-widget-heading\" data-id=\"ca09caf\" data-element_type=\"widget\" data-e-type=\"widget\" data-settings=\"{&quot;ekit_we_effect_on&quot;:&quot;none&quot;}\" data-widget_type=\"heading.default\">\n\t\t\t\t<div class=\"elementor-widget-container\">\n\t\t\t\t\t<h2 class=\"elementor-heading-title elementor-size-default\">Exkludering av garanti<\/h2>\t\t\t\t<\/div>\n\t\t\t\t<\/div>\n\t\t\t\t<div class=\"elementor-element elementor-element-4cbad4d elementor-widget elementor-widget-text-editor\" data-id=\"4cbad4d\" data-element_type=\"widget\" data-e-type=\"widget\" data-settings=\"{&quot;ekit_we_effect_on&quot;:&quot;none&quot;}\" data-widget_type=\"text-editor.default\">\n\t\t\t\t<div class=\"elementor-widget-container\">\n\t\t\t\t\t\t\t\t\t<p><strong>Garantin g\u00e4ller inte f\u00f6r:<\/strong><\/p><ul><li>Otill\u00e5ten demontering, reparation eller modifiering<\/li><li>Programvara eller inbyggd programvara som \u00e4ndrats utan tillst\u00e5nd<\/li><li>Felaktig installation, felaktig kabeldragning eller felaktig anv\u00e4ndning<\/li><li>Fysisk skada, slagskada eller vandalism<\/li><li>Vattenintr\u00e4ngning p\u00e5 icke-IP-klassade produkter<\/li><li>Milj\u00f6skada, korrosion eller kemisk exponering<\/li><li>Force majeure-h\u00e4ndelser (brand, \u00f6versv\u00e4mning, blixtnedslag, jordb\u00e4vning)<\/li><li>Normalt slitage, f\u00f6rbrukningsdelar eller kosmetiskt \u00e5ldrande<\/li><\/ul>\t\t\t\t\t\t\t\t<\/div>\n\t\t\t\t<\/div>\n\t\t\t\t<div class=\"elementor-element elementor-element-b13afc8 elementor-widget elementor-widget-heading\" data-id=\"b13afc8\" data-element_type=\"widget\" data-e-type=\"widget\" data-settings=\"{&quot;ekit_we_effect_on&quot;:&quot;none&quot;}\" data-widget_type=\"heading.default\">\n\t\t\t\t<div class=\"elementor-widget-container\">\n\t\t\t\t\t<h2 class=\"elementor-heading-title elementor-size-default\">Garantiservicef\u00f6rfarande<\/h2>\t\t\t\t<\/div>\n\t\t\t\t<\/div>\n\t\t\t\t<div class=\"elementor-element elementor-element-3ee09b3 elementor-widget elementor-widget-text-editor\" data-id=\"3ee09b3\" data-element_type=\"widget\" data-e-type=\"widget\" data-settings=\"{&quot;ekit_we_effect_on&quot;:&quot;none&quot;}\" data-widget_type=\"text-editor.default\">\n\t\t\t\t<div class=\"elementor-widget-container\">\n\t\t\t\t\t\t\t\t\t<p><strong>1.<\/strong> Kunden tillhandah\u00e5ller produktmodell, serienummer, leveransreferens och felbeskrivning (foton eller videor kan kr\u00e4vas)<\/p><p><strong>2.<\/strong> YUNSHAO-tekniker utf\u00f6r fj\u00e4rrdiagnos eller beg\u00e4r retur av defekta delar<\/p><p><strong>3.<\/strong> Godk\u00e4nda garanti\u00e4renden repareras eller byts ut utan kostnad<\/p><p><strong>Ansvar f\u00f6r logistik<\/strong><\/p><ul><li>Kunden skickar defekta artiklar eller delar till YUNSHAO<\/li><li>YUNSHAO skickar reparerade eller utbytta delar tillbaka till kunden<\/li><\/ul>\t\t\t\t\t\t\t\t<\/div>\n\t\t\t\t<\/div>\n\t\t\t\t<div class=\"elementor-element elementor-element-0d5d4c3 elementor-widget elementor-widget-heading\" data-id=\"0d5d4c3\" data-element_type=\"widget\" data-e-type=\"widget\" data-settings=\"{&quot;ekit_we_effect_on&quot;:&quot;none&quot;}\" data-widget_type=\"heading.default\">\n\t\t\t\t<div class=\"elementor-widget-container\">\n\t\t\t\t\t<h2 class=\"elementor-heading-title elementor-size-default\">Support efter garantitiden<\/h2>\t\t\t\t<\/div>\n\t\t\t\t<\/div>\n\t\t\t\t<div class=\"elementor-element elementor-element-3ceb441 elementor-widget elementor-widget-text-editor\" data-id=\"3ceb441\" data-element_type=\"widget\" data-e-type=\"widget\" data-settings=\"{&quot;ekit_we_effect_on&quot;:&quot;none&quot;}\" data-widget_type=\"text-editor.default\">\n\t\t\t\t<div class=\"elementor-widget-container\">\n\t\t\t\t\t\t\t\t\t<p><strong>Efter att garantin har l\u00f6pt ut forts\u00e4tter YUNSHAO att leverera:<\/strong><\/p><ul><li>Betalda reparations- och underh\u00e5llstj\u00e4nster<\/li><li>Leverans av reservdelar<\/li><li>Livstids teknisk support f\u00f6r alla YUNSHAO-produkter<\/li><\/ul>\t\t\t\t\t\t\t\t<\/div>\n\t\t\t\t<\/div>\n\t\t\t\t<div class=\"elementor-element elementor-element-13f807a elementor-widget elementor-widget-heading\" data-id=\"13f807a\" data-element_type=\"widget\" data-e-type=\"widget\" data-settings=\"{&quot;ekit_we_effect_on&quot;:&quot;none&quot;}\" data-widget_type=\"heading.default\">\n\t\t\t\t<div class=\"elementor-widget-container\">\n\t\t\t\t\t<h2 class=\"elementor-heading-title elementor-size-default\">Kontaktuppgifter<\/h2>\t\t\t\t<\/div>\n\t\t\t\t<\/div>\n\t\t\t\t<div class=\"elementor-element elementor-element-11a0c2b elementor-widget elementor-widget-text-editor\" data-id=\"11a0c2b\" data-element_type=\"widget\" data-e-type=\"widget\" data-settings=\"{&quot;ekit_we_effect_on&quot;:&quot;none&quot;}\" data-widget_type=\"text-editor.default\">\n\t\t\t\t<div class=\"elementor-widget-container\">\n\t\t\t\t\t\t\t\t\t<p data-start=\"1772\" data-end=\"1850\"><strong>Kontakta oss om du har n\u00e5gra garantifr\u00e5gor eller om du vill ha support eller underh\u00e5ll:<\/strong><\/p><p data-start=\"1852\" data-end=\"1930\"><strong data-start=\"1852\" data-end=\"1882\">Telefon \/ WhatsApp \/ WeChat:<\/strong> +86 19540588776<br data-start=\"1898\" data-end=\"1901\" \/><strong data-start=\"1901\" data-end=\"1911\">E-post:<\/strong> <a class=\"decorated-link cursor-pointer\" href=\"mailto:info@yunshao.com\" rel=\"noopener\" data-start=\"1912\" data-end=\"1928\">info@yunshao.com<\/a><\/p>\t\t\t\t\t\t\t\t<\/div>\n\t\t\t\t<\/div>\n\t\t\t\t\t<\/div>\n\t\t\t\t<\/div>\n\t\t\t\t<\/div>","protected":false},"excerpt":{"rendered":"<p>Home Warranty Policy YUNSHAO provides system-based warranty coverage according to different product categories.Warranty terms vary by system type to ensure [&hellip;]<\/p>\n","protected":false},"author":1,"featured_media":0,"parent":0,"menu_order":0,"comment_status":"closed","ping_status":"closed","template":"elementor_header_footer","meta":{"site-sidebar-layout":"no-sidebar","site-content-layout":"","ast-site-content-layout":"full-width-container","site-content-style":"default","site-sidebar-style":"default","ast-global-header-display":"","ast-banner-title-visibility":"","ast-main-header-display":"","ast-hfb-above-header-display":"","ast-hfb-below-header-display":"","ast-hfb-mobile-header-display":"","site-post-title":"","ast-breadcrumbs-content":"","ast-featured-img":"disabled","footer-sml-layout":"","ast-disable-related-posts":"","theme-transparent-header-meta":"","adv-header-id-meta":"","stick-header-meta":"","header-above-stick-meta":"","header-main-stick-meta":"","header-below-stick-meta":"","astra-migrate-meta-layouts":"default","ast-page-background-enabled":"default","ast-page-background-meta":{"desktop":{"background-color":"var(--ast-global-color-5)","background-image":"","background-repeat":"repeat","background-position":"center center","background-size":"auto","background-attachment":"scroll","background-type":"","background-media":"","overlay-type":"","overlay-color":"","overlay-opacity":"","overlay-gradient":""},"tablet":{"background-color":"","background-image":"","background-repeat":"repeat","background-position":"center center","background-size":"auto","background-attachment":"scroll","background-type":"","background-media":"","overlay-type":"","overlay-color":"","overlay-opacity":"","overlay-gradient":""},"mobile":{"background-color":"","background-image":"","background-repeat":"repeat","background-position":"center center","background-size":"auto","background-attachment":"scroll","background-type":"","background-media":"","overlay-type":"","overlay-color":"","overlay-opacity":"","overlay-gradient":""}},"ast-content-background-meta":{"desktop":{"background-color":"var(--ast-global-color-4)","background-image":"","background-repeat":"repeat","background-position":"center center","background-size":"auto","background-attachment":"scroll","background-type":"","background-media":"","overlay-type":"","overlay-color":"","overlay-opacity":"","overlay-gradient":""},"tablet":{"background-color":"var(--ast-global-color-4)","background-image":"","background-repeat":"repeat","background-position":"center center","background-size":"auto","background-attachment":"scroll","background-type":"","background-media":"","overlay-type":"","overlay-color":"","overlay-opacity":"","overlay-gradient":""},"mobile":{"background-color":"var(--ast-global-color-4)","background-image":"","background-repeat":"repeat","background-position":"center center","background-size":"auto","background-attachment":"scroll","background-type":"","background-media":"","overlay-type":"","overlay-color":"","overlay-opacity":"","overlay-gradient":""}},"footnotes":""},"class_list":["post-5405","page","type-page","status-publish","hentry"],"_links":{"self":[{"href":"https:\/\/www.yunshao.com\/sv\/wp-json\/wp\/v2\/pages\/5405","targetHints":{"allow":["GET"]}}],"collection":[{"href":"https:\/\/www.yunshao.com\/sv\/wp-json\/wp\/v2\/pages"}],"about":[{"href":"https:\/\/www.yunshao.com\/sv\/wp-json\/wp\/v2\/types\/page"}],"author":[{"embeddable":true,"href":"https:\/\/www.yunshao.com\/sv\/wp-json\/wp\/v2\/users\/1"}],"replies":[{"embeddable":true,"href":"https:\/\/www.yunshao.com\/sv\/wp-json\/wp\/v2\/comments?post=5405"}],"version-history":[{"count":37,"href":"https:\/\/www.yunshao.com\/sv\/wp-json\/wp\/v2\/pages\/5405\/revisions"}],"predecessor-version":[{"id":10444,"href":"https:\/\/www.yunshao.com\/sv\/wp-json\/wp\/v2\/pages\/5405\/revisions\/10444"}],"wp:attachment":[{"href":"https:\/\/www.yunshao.com\/sv\/wp-json\/wp\/v2\/media?parent=5405"}],"curies":[{"name":"wp","href":"https:\/\/api.w.org\/{rel}","templated":true}]}}