{"id":5405,"date":"2025-12-05T11:27:43","date_gmt":"2025-12-05T03:27:43","guid":{"rendered":"https:\/\/www.yunshao.com\/?page_id=5405"},"modified":"2026-02-07T12:15:16","modified_gmt":"2026-02-07T04:15:16","slug":"warranty-policy","status":"publish","type":"page","link":"https:\/\/www.yunshao.com\/tk\/warranty-policy\/","title":{"rendered":"Garant sy\u00fdasaty"},"content":{"rendered":"<div data-elementor-type=\"wp-page\" data-elementor-id=\"5405\" class=\"elementor elementor-5405\" data-elementor-post-type=\"page\">\n\t\t\t\t<div class=\"elementor-element elementor-element-4bc8c45 e-flex e-con-boxed e-con e-parent\" data-id=\"4bc8c45\" data-element_type=\"container\" data-e-type=\"container\" data-settings=\"{&quot;background_background&quot;:&quot;classic&quot;,&quot;ekit_has_onepagescroll_dot&quot;:&quot;yes&quot;}\">\n\t\t\t\t\t<div class=\"e-con-inner\">\n\t\t\t\t<div class=\"elementor-element elementor-element-d1905c2 elementor-widget elementor-widget-elementskit-breadcrumb\" data-id=\"d1905c2\" data-element_type=\"widget\" data-e-type=\"widget\" data-settings=\"{&quot;ekit_we_effect_on&quot;:&quot;none&quot;}\" data-widget_type=\"elementskit-breadcrumb.default\">\n\t\t\t\t<div class=\"elementor-widget-container\">\n\t\t\t\t\t<div class=\"ekit-wid-con\" ><ol class=\"ekit-breadcrumb\"><li class=\"ekit_breadcrumbs_start\"><a href=\"https:\/\/www.yunshao.com\/wo\">\u00d6\u00fd<\/a><\/li><\/ol><\/div>\t\t\t\t<\/div>\n\t\t\t\t<\/div>\n\t\t\t\t\t<\/div>\n\t\t\t\t<\/div>\n\t\t<div class=\"elementor-element elementor-element-86e06a0 e-flex e-con-boxed e-con e-parent\" data-id=\"86e06a0\" data-element_type=\"container\" data-e-type=\"container\" data-settings=\"{&quot;ekit_has_onepagescroll_dot&quot;:&quot;yes&quot;}\">\n\t\t\t\t\t<div class=\"e-con-inner\">\n\t\t\t\t<div class=\"elementor-element elementor-element-e466601 elementor-widget elementor-widget-heading\" data-id=\"e466601\" data-element_type=\"widget\" data-e-type=\"widget\" data-settings=\"{&quot;ekit_we_effect_on&quot;:&quot;none&quot;}\" data-widget_type=\"heading.default\">\n\t\t\t\t<div class=\"elementor-widget-container\">\n\t\t\t\t\t<h1 class=\"elementor-heading-title elementor-size-default\">Garant sy\u00fdasaty<\/h1>\t\t\t\t<\/div>\n\t\t\t\t<\/div>\n\t\t\t\t<div class=\"elementor-element elementor-element-b9cf8ac elementor-widget elementor-widget-text-editor\" data-id=\"b9cf8ac\" data-element_type=\"widget\" data-e-type=\"widget\" data-settings=\"{&quot;ekit_we_effect_on&quot;:&quot;none&quot;}\" data-widget_type=\"text-editor.default\">\n\t\t\t\t<div class=\"elementor-widget-container\">\n\t\t\t\t\t\t\t\t\t<p>YUNSHAO d\u00fcrli \u00f6n\u00fcm kategori\u00fdalaryna g\u00f6r\u00e4 ulgam esasynda kepillik goragyny \u00fcpj\u00fcn ed\u00fd\u00e4r.<br \/>Garant \u015fertleri jogapk\u00e4r\u00e7iligi anyk kesgitlemek we uzak m\u00f6hletle\u00fdin i\u015f ygtybarlylygyny \u00fcpj\u00fcn etmek \u00fc\u00e7in ulgam g\u00f6rn\u00fc\u015fine g\u00f6r\u00e4 \u00fc\u00fdtge\u00fd\u00e4r.<\/p><p>\u00c4hli kepillik m\u00f6hletleri, \u00fdazuw g\u00f6rn\u00fc\u015finde ba\u015fga\u00e7a ylala\u015fylmadyk \u00fdagda\u00fdynda, iberili\u015f senesinden ba\u015fla\u00fdar.<\/p>\t\t\t\t\t\t\t\t<\/div>\n\t\t\t\t<\/div>\n\t\t\t\t<div class=\"elementor-element elementor-element-d7d3c79 elementor-widget elementor-widget-heading\" data-id=\"d7d3c79\" data-element_type=\"widget\" data-e-type=\"widget\" data-settings=\"{&quot;ekit_we_effect_on&quot;:&quot;none&quot;}\" data-widget_type=\"heading.default\">\n\t\t\t\t<div class=\"elementor-widget-container\">\n\t\t\t\t\t<h2 class=\"elementor-heading-title elementor-size-default\">Ulgama esaslanan kepillik \u00f6rt\u00fcmi<\/h2>\t\t\t\t<\/div>\n\t\t\t\t<\/div>\n\t\t\t\t<div class=\"elementor-element elementor-element-26b3fb6 elementor-widget elementor-widget-heading\" data-id=\"26b3fb6\" data-element_type=\"widget\" data-e-type=\"widget\" data-settings=\"{&quot;ekit_we_effect_on&quot;:&quot;none&quot;}\" data-widget_type=\"heading.default\">\n\t\t\t\t<div class=\"elementor-widget-container\">\n\t\t\t\t\t<h2 class=\"elementor-heading-title elementor-size-default\">A\u00fdlan\u00fdan gapylar \u2013 3 \u00fdyllyk kepillik<\/h2>\t\t\t\t<\/div>\n\t\t\t\t<\/div>\n\t\t\t\t<div class=\"elementor-element elementor-element-aa1ae2c elementor-widget elementor-widget-text-editor\" data-id=\"aa1ae2c\" data-element_type=\"widget\" data-e-type=\"widget\" data-settings=\"{&quot;ekit_we_effect_on&quot;:&quot;none&quot;}\" data-widget_type=\"text-editor.default\">\n\t\t\t\t<div class=\"elementor-widget-container\">\n\t\t\t\t\t\t\t\t\t<p><strong>\u00c4hli YUNSHAO \u00fd\u00f6re\u00fdji girm\u00e4ge ni\u00fdetlenen gapy \u00f6n\u00fcmlerine degi\u015flidir, \u015fol sanda:<\/strong><\/p><ul><li>Tizlikli gapylar<\/li><li>A\u00fdlanan turniket gapylary<\/li><li>Kanatly p\u00e4sgel gapylary<\/li><li>S\u00fcr\u00fcn\u00fd\u00e4n turniketler<\/li><li>\u00dc\u00e7 a\u00fdakly turniketler<\/li><li>Doly be\u00fdiklikli turniketler<\/li><\/ul>\t\t\t\t\t\t\t\t<\/div>\n\t\t\t\t<\/div>\n\t\t\t\t<div class=\"elementor-element elementor-element-ad288db elementor-widget elementor-widget-heading\" data-id=\"ad288db\" data-element_type=\"widget\" data-e-type=\"widget\" data-settings=\"{&quot;ekit_we_effect_on&quot;:&quot;none&quot;}\" data-widget_type=\"heading.default\">\n\t\t\t\t<div class=\"elementor-widget-container\">\n\t\t\t\t\t<h2 class=\"elementor-heading-title elementor-size-default\">Awtoulag duralga dolandyry\u015f ulgamlary \u2013 1 \u00fdyllyk kepillik<\/h2>\t\t\t\t<\/div>\n\t\t\t\t<\/div>\n\t\t\t\t<div class=\"elementor-element elementor-element-b717736 elementor-widget elementor-widget-text-editor\" data-id=\"b717736\" data-element_type=\"widget\" data-e-type=\"widget\" data-settings=\"{&quot;ekit_we_effect_on&quot;:&quot;none&quot;}\" data-widget_type=\"text-editor.default\">\n\t\t\t\t<div class=\"elementor-widget-container\">\n\t\t\t\t\t\t\t\t\t<p><strong>Esasy awtoulag duralgyny dolandyrmak we ulag girmegi enjamlaryna degi\u015flidir, \u015fol sanda:<\/strong><\/p><ul><li>LPR (nomer plitalaryny tanamak) kameralary<\/li><li>Boom togtadyjy gapylary<\/li><li>Awtoulag duralga bilet\/kart beriji enjamlar<\/li><li>Awtoulag duralgasy t\u00f6leg terminallary<\/li><li>Awtoulag duralgasyny \u00fdol g\u00f6rkezme ulgamy enjamlary<\/li><li>Ultrases awtoulag durmak sensorlary<\/li><li>UHF uzak aralyk RFID okyjylary<\/li><li>Awtoulag duralga enjamlary we go\u015fma\u00e7a enjamlar<\/li><\/ul>\t\t\t\t\t\t\t\t<\/div>\n\t\t\t\t<\/div>\n\t\t\t\t<div class=\"elementor-element elementor-element-86a9071 elementor-widget elementor-widget-heading\" data-id=\"86a9071\" data-element_type=\"widget\" data-e-type=\"widget\" data-settings=\"{&quot;ekit_we_effect_on&quot;:&quot;none&quot;}\" data-widget_type=\"heading.default\">\n\t\t\t\t<div class=\"elementor-widget-container\">\n\t\t\t\t\t<h2 class=\"elementor-heading-title elementor-size-default\">Garantini\u0148 gorag gerimi<\/h2>\t\t\t\t<\/div>\n\t\t\t\t<\/div>\n\t\t\t\t<div class=\"elementor-element elementor-element-c3bcde2 elementor-widget elementor-widget-text-editor\" data-id=\"c3bcde2\" data-element_type=\"widget\" data-e-type=\"widget\" data-settings=\"{&quot;ekit_we_effect_on&quot;:&quot;none&quot;}\" data-widget_type=\"text-editor.default\">\n\t\t\t\t<div class=\"elementor-widget-container\">\n\t\t\t\t\t\t\t\t\t<p><strong>De\u00fdin kepillik m\u00f6hleti dowamynda YUNSHAO a\u015fakdaky seb\u00e4plere g\u00f6r\u00e4 kem\u00e7ilikli bolan \u00f6n\u00fcmleri \u00fda-da komponentleri abatlar \u00fda-da \u00e7aly\u015far:<\/strong><\/p><ul><li>\u00d6n\u00fcm\u00e7ilik kem\u00e7ilikleri<\/li><li>Materi\u00fdal kem\u00e7ilikleri<\/li><li>H\u00fcn\u00e4r\u00e7ilik meseleleri<\/li><\/ul><p><strong>\u00d6z i\u00e7ine alnan komponentler \u015fulardan ybaratdyr, \u00fd\u00f6ne di\u0148e \u015fular bilen \u00e7\u00e4klenme\u00fd\u00e4r:<\/strong><\/p><ul><li>Esasy platalar, dolandyry\u015f platalar, s\u00fcr\u00fcji platalar<\/li><li>Motorlar, motor s\u00fcr\u00fcjileri, reduktorlar, ge\u00e7iriji komponentler<\/li><li>Tok \u00fcpj\u00fcn\u00e7iligi we i\u00e7erki sim \u00e7eki\u015fi<\/li><li>Sensorlar, infraqyzyl detektorlar, \u00e7\u00e4k a\u00e7arlar<\/li><li>Aragatna\u015fyk interfe\u00fdsleri<br \/>(TCP\/IP, RS485, RS232, Wiegand, Rel\u00fde)<\/li><li>G\u00f6rkeziji \u00e7yralar, LED modullary, buzzer enjamlary<\/li><li>Firmware \u00fda-da resmi programma \u00fcpj\u00fcn\u00e7iligi bilen baglany\u015fykly n\u00e4sazlyklar<\/li><\/ul><p>Eger abatlamak tehniki ta\u00fddan m\u00fcmkin bolmasa, YUNSHAO de\u0148 derejed\u00e4ki \u00f6nd\u00fcrijiligi bolan \u00e7aly\u015fdyryjyny \u00fcpj\u00fcn edip biler.<\/p>\t\t\t\t\t\t\t\t<\/div>\n\t\t\t\t<\/div>\n\t\t\t\t<div class=\"elementor-element elementor-element-ca09caf elementor-widget elementor-widget-heading\" data-id=\"ca09caf\" data-element_type=\"widget\" data-e-type=\"widget\" data-settings=\"{&quot;ekit_we_effect_on&quot;:&quot;none&quot;}\" data-widget_type=\"heading.default\">\n\t\t\t\t<div class=\"elementor-widget-container\">\n\t\t\t\t\t<h2 class=\"elementor-heading-title elementor-size-default\">Garantyadan \u00e7etle\u015fdirilenler<\/h2>\t\t\t\t<\/div>\n\t\t\t\t<\/div>\n\t\t\t\t<div class=\"elementor-element elementor-element-4cbad4d elementor-widget elementor-widget-text-editor\" data-id=\"4cbad4d\" data-element_type=\"widget\" data-e-type=\"widget\" data-settings=\"{&quot;ekit_we_effect_on&quot;:&quot;none&quot;}\" data-widget_type=\"text-editor.default\">\n\t\t\t\t<div class=\"elementor-widget-container\">\n\t\t\t\t\t\t\t\t\t<p><strong>Garantiya a\u015fakdakylara degi\u015fli d\u00e4l:<\/strong><\/p><ul><li>Rugsatsyz s\u00f6kmek, abatlamak \u00fda-da \u00fc\u00fdtgetmek<\/li><li>Rugsatsyz \u00fc\u00fdtgedilen programma \u00fcpj\u00fcn\u00e7iligi \u00fda-da firmwer<\/li><li>N\u00e4dogry gurnama, n\u00e4dogry sim \u00e7eki\u015f \u00fda-da n\u00e4dogry ulany\u015f<\/li><li>Fiziki zeper, zarba zeperi \u00fda-da vandalizm<\/li><li>IP re\u00fdtingi bolmadyk \u00f6n\u00fcmlerde suw girmegi<\/li><li>Da\u015fky gur\u015fawy\u0148 zeperlenmegi, korrozi\u00fda \u00fda-da himiki t\u00e4sir<\/li><li>G\u00fc\u00fd\u00e7li halat wakalary (\u00fdangyn, suw basmak, \u00fdyldyrym, \u00fder titremesi)<\/li><li>Adaty ge\u00fdilme, sarp edil\u00fd\u00e4n b\u00f6lekler \u00fda-da kosmetiki garla\u015fdyry\u015f<\/li><\/ul>\t\t\t\t\t\t\t\t<\/div>\n\t\t\t\t<\/div>\n\t\t\t\t<div class=\"elementor-element elementor-element-b13afc8 elementor-widget elementor-widget-heading\" data-id=\"b13afc8\" data-element_type=\"widget\" data-e-type=\"widget\" data-settings=\"{&quot;ekit_we_effect_on&quot;:&quot;none&quot;}\" data-widget_type=\"heading.default\">\n\t\t\t\t<div class=\"elementor-widget-container\">\n\t\t\t\t\t<h2 class=\"elementor-heading-title elementor-size-default\">Garant hyzmaty prosedurasy<\/h2>\t\t\t\t<\/div>\n\t\t\t\t<\/div>\n\t\t\t\t<div class=\"elementor-element elementor-element-3ee09b3 elementor-widget elementor-widget-text-editor\" data-id=\"3ee09b3\" data-element_type=\"widget\" data-e-type=\"widget\" data-settings=\"{&quot;ekit_we_effect_on&quot;:&quot;none&quot;}\" data-widget_type=\"text-editor.default\">\n\t\t\t\t<div class=\"elementor-widget-container\">\n\t\t\t\t\t\t\t\t\t<p><strong>1.<\/strong> M\u00fc\u015fderi \u00f6n\u00fcmi\u0148 modelini, seri\u00fda nomerini, iberili\u015f salgysyny we n\u00e4sazlyk d\u00fc\u015f\u00fcndiri\u015fini ber\u00fd\u00e4r (suratlar \u00fda-da wideolar talap edilip bilner)<\/p><p><strong>2.<\/strong> YUNSHAO in\u017eenerleri uzakdan diagnostika ge\u00e7ir\u00fd\u00e4rler \u00fda-da n\u00e4saz b\u00f6lekleri\u0148 ga\u00fdtarylmagyny sora\u00fdarlar.<\/p><p><strong>3.<\/strong> Tassyklanan kepillik \u00fdagda\u00fdlary mugt abatlan\u00fdar \u00fda-da \u00e7aly\u015fyl\u00fdar.<\/p><p><strong>Logistika jogapk\u00e4r\u00e7iligi<\/strong><\/p><ul><li>M\u00fc\u015fderi n\u00e4saz \u00f6n\u00fcmleri \u00fda-da b\u00f6lekleri YUNSHAO-e iber\u00fd\u00e4r.<\/li><li>YUNSHAO abatlanan \u00fda-da \u00e7aly\u015fylan b\u00f6lekleri m\u00fc\u015fder\u00e4 ga\u00fdtadan ugrad\u00fdar.<\/li><\/ul>\t\t\t\t\t\t\t\t<\/div>\n\t\t\t\t<\/div>\n\t\t\t\t<div class=\"elementor-element elementor-element-0d5d4c3 elementor-widget elementor-widget-heading\" data-id=\"0d5d4c3\" data-element_type=\"widget\" data-e-type=\"widget\" data-settings=\"{&quot;ekit_we_effect_on&quot;:&quot;none&quot;}\" data-widget_type=\"heading.default\">\n\t\t\t\t<div class=\"elementor-widget-container\">\n\t\t\t\t\t<h2 class=\"elementor-heading-title elementor-size-default\">K\u00e4pasdan so\u0148ky goldaw<\/h2>\t\t\t\t<\/div>\n\t\t\t\t<\/div>\n\t\t\t\t<div class=\"elementor-element elementor-element-3ceb441 elementor-widget elementor-widget-text-editor\" data-id=\"3ceb441\" data-element_type=\"widget\" data-e-type=\"widget\" data-settings=\"{&quot;ekit_we_effect_on&quot;:&quot;none&quot;}\" data-widget_type=\"text-editor.default\">\n\t\t\t\t<div class=\"elementor-widget-container\">\n\t\t\t\t\t\t\t\t\t<p><strong>Garantini\u0148 m\u00f6hleti gutarandan so\u0148, YUNSHAO \u00fcpj\u00fcn etmegi dowam etdir\u00fd\u00e4r:<\/strong><\/p><ul><li>T\u00f6legli abatla\u00fdy\u015f we hyzmat g\u00f6rkezmeleri<\/li><li>Ehtiyat b\u00f6leklerini \u00fcpj\u00fcn etmek<\/li><li>\u00c4hli YUNSHAO \u00f6n\u00fcmleri \u00fc\u00e7in \u00f6m\u00fcrbo\u00fdy tehniki goldaw<\/li><\/ul>\t\t\t\t\t\t\t\t<\/div>\n\t\t\t\t<\/div>\n\t\t\t\t<div class=\"elementor-element elementor-element-13f807a elementor-widget elementor-widget-heading\" data-id=\"13f807a\" data-element_type=\"widget\" data-e-type=\"widget\" data-settings=\"{&quot;ekit_we_effect_on&quot;:&quot;none&quot;}\" data-widget_type=\"heading.default\">\n\t\t\t\t<div class=\"elementor-widget-container\">\n\t\t\t\t\t<h2 class=\"elementor-heading-title elementor-size-default\">Aragatna\u015fyk maglumatlary<\/h2>\t\t\t\t<\/div>\n\t\t\t\t<\/div>\n\t\t\t\t<div class=\"elementor-element elementor-element-11a0c2b elementor-widget elementor-widget-text-editor\" data-id=\"11a0c2b\" data-element_type=\"widget\" data-e-type=\"widget\" data-settings=\"{&quot;ekit_we_effect_on&quot;:&quot;none&quot;}\" data-widget_type=\"text-editor.default\">\n\t\t\t\t<div class=\"elementor-widget-container\">\n\t\t\t\t\t\t\t\t\t<p data-start=\"1772\" data-end=\"1850\"><strong>Her hili kepillik meselesi, goldaw \u00fda-da abatla\u00fdy\u015f soraglary \u00fc\u00e7in bize \u00fd\u00fcz tutu\u0148:<\/strong><\/p><p data-start=\"1852\" data-end=\"1930\"><strong data-start=\"1852\" data-end=\"1882\">Telefon \/ WhatsApp \/ WeChat:<\/strong> +86 19540588776<br data-start=\"1898\" data-end=\"1901\" \/><strong data-start=\"1901\" data-end=\"1911\">E-po\u00e7ta:<\/strong> <a class=\"decorated-link cursor-pointer\" href=\"mailto:info@yunshao.com\" rel=\"noopener\" data-start=\"1912\" data-end=\"1928\">info@yunshao.com<\/a><\/p>\t\t\t\t\t\t\t\t<\/div>\n\t\t\t\t<\/div>\n\t\t\t\t\t<\/div>\n\t\t\t\t<\/div>\n\t\t\t\t<\/div>","protected":false},"excerpt":{"rendered":"<p>Home Warranty Policy YUNSHAO provides system-based warranty coverage according to different product categories.Warranty terms vary by system type to ensure [&hellip;]<\/p>\n","protected":false},"author":1,"featured_media":0,"parent":0,"menu_order":0,"comment_status":"closed","ping_status":"closed","template":"elementor_header_footer","meta":{"site-sidebar-layout":"no-sidebar","site-content-layout":"","ast-site-content-layout":"full-width-container","site-content-style":"default","site-sidebar-style":"default","ast-global-header-display":"","ast-banner-title-visibility":"","ast-main-header-display":"","ast-hfb-above-header-display":"","ast-hfb-below-header-display":"","ast-hfb-mobile-header-display":"","site-post-title":"","ast-breadcrumbs-content":"","ast-featured-img":"disabled","footer-sml-layout":"","ast-disable-related-posts":"","theme-transparent-header-meta":"","adv-header-id-meta":"","stick-header-meta":"","header-above-stick-meta":"","header-main-stick-meta":"","header-below-stick-meta":"","astra-migrate-meta-layouts":"default","ast-page-background-enabled":"default","ast-page-background-meta":{"desktop":{"background-color":"var(--ast-global-color-5)","background-image":"","background-repeat":"repeat","background-position":"center center","background-size":"auto","background-attachment":"scroll","background-type":"","background-media":"","overlay-type":"","overlay-color":"","overlay-opacity":"","overlay-gradient":""},"tablet":{"background-color":"","background-image":"","background-repeat":"repeat","background-position":"center center","background-size":"auto","background-attachment":"scroll","background-type":"","background-media":"","overlay-type":"","overlay-color":"","overlay-opacity":"","overlay-gradient":""},"mobile":{"background-color":"","background-image":"","background-repeat":"repeat","background-position":"center center","background-size":"auto","background-attachment":"scroll","background-type":"","background-media":"","overlay-type":"","overlay-color":"","overlay-opacity":"","overlay-gradient":""}},"ast-content-background-meta":{"desktop":{"background-color":"var(--ast-global-color-4)","background-image":"","background-repeat":"repeat","background-position":"center center","background-size":"auto","background-attachment":"scroll","background-type":"","background-media":"","overlay-type":"","overlay-color":"","overlay-opacity":"","overlay-gradient":""},"tablet":{"background-color":"var(--ast-global-color-4)","background-image":"","background-repeat":"repeat","background-position":"center center","background-size":"auto","background-attachment":"scroll","background-type":"","background-media":"","overlay-type":"","overlay-color":"","overlay-opacity":"","overlay-gradient":""},"mobile":{"background-color":"var(--ast-global-color-4)","background-image":"","background-repeat":"repeat","background-position":"center center","background-size":"auto","background-attachment":"scroll","background-type":"","background-media":"","overlay-type":"","overlay-color":"","overlay-opacity":"","overlay-gradient":""}},"footnotes":""},"class_list":["post-5405","page","type-page","status-publish","hentry"],"_links":{"self":[{"href":"https:\/\/www.yunshao.com\/tk\/wp-json\/wp\/v2\/pages\/5405","targetHints":{"allow":["GET"]}}],"collection":[{"href":"https:\/\/www.yunshao.com\/tk\/wp-json\/wp\/v2\/pages"}],"about":[{"href":"https:\/\/www.yunshao.com\/tk\/wp-json\/wp\/v2\/types\/page"}],"author":[{"embeddable":true,"href":"https:\/\/www.yunshao.com\/tk\/wp-json\/wp\/v2\/users\/1"}],"replies":[{"embeddable":true,"href":"https:\/\/www.yunshao.com\/tk\/wp-json\/wp\/v2\/comments?post=5405"}],"version-history":[{"count":37,"href":"https:\/\/www.yunshao.com\/tk\/wp-json\/wp\/v2\/pages\/5405\/revisions"}],"predecessor-version":[{"id":10444,"href":"https:\/\/www.yunshao.com\/tk\/wp-json\/wp\/v2\/pages\/5405\/revisions\/10444"}],"wp:attachment":[{"href":"https:\/\/www.yunshao.com\/tk\/wp-json\/wp\/v2\/media?parent=5405"}],"curies":[{"name":"WordPress","href":"https:\/\/api.w.org\/{rel}","templated":true}]}}