{"id":5405,"date":"2025-12-05T11:27:43","date_gmt":"2025-12-05T03:27:43","guid":{"rendered":"https:\/\/yunshao.com\/?page_id=5405"},"modified":"2026-02-07T12:15:16","modified_gmt":"2026-02-07T04:15:16","slug":"warranty-policy","status":"publish","type":"page","link":"https:\/\/www.yunshao.com\/wo\/warranty-policy\/","title":{"rendered":"Politigu Garanti"},"content":{"rendered":"<div data-elementor-type=\"wp-page\" data-elementor-id=\"5405\" class=\"elementor elementor-5405\" data-elementor-post-type=\"page\">\n\t\t\t\t<div class=\"elementor-element elementor-element-4bc8c45 e-flex e-con-boxed e-con e-parent\" data-id=\"4bc8c45\" data-element_type=\"container\" data-e-type=\"container\" data-settings=\"{&quot;background_background&quot;:&quot;classic&quot;,&quot;ekit_has_onepagescroll_dot&quot;:&quot;yes&quot;}\">\n\t\t\t\t\t<div class=\"e-con-inner\">\n\t\t\t\t<div class=\"elementor-element elementor-element-d1905c2 elementor-widget elementor-widget-elementskit-breadcrumb\" data-id=\"d1905c2\" data-element_type=\"widget\" data-e-type=\"widget\" data-settings=\"{&quot;ekit_we_effect_on&quot;:&quot;none&quot;}\" data-widget_type=\"elementskit-breadcrumb.default\">\n\t\t\t\t<div class=\"elementor-widget-container\">\n\t\t\t\t\t<div class=\"ekit-wid-con\" ><ol class=\"ekit-breadcrumb\"><li class=\"ekit_breadcrumbs_start\"><a href=\"https:\/\/www.yunshao.com\/wo\">K\u00ebr<\/a><\/li><\/ol><\/div>\t\t\t\t<\/div>\n\t\t\t\t<\/div>\n\t\t\t\t\t<\/div>\n\t\t\t\t<\/div>\n\t\t<div class=\"elementor-element elementor-element-86e06a0 e-flex e-con-boxed e-con e-parent\" data-id=\"86e06a0\" data-element_type=\"container\" data-e-type=\"container\" data-settings=\"{&quot;ekit_has_onepagescroll_dot&quot;:&quot;yes&quot;}\">\n\t\t\t\t\t<div class=\"e-con-inner\">\n\t\t\t\t<div class=\"elementor-element elementor-element-e466601 elementor-widget elementor-widget-heading\" data-id=\"e466601\" data-element_type=\"widget\" data-e-type=\"widget\" data-settings=\"{&quot;ekit_we_effect_on&quot;:&quot;none&quot;}\" data-widget_type=\"heading.default\">\n\t\t\t\t<div class=\"elementor-widget-container\">\n\t\t\t\t\t<h1 class=\"elementor-heading-title elementor-size-default\">Politigu Garanti<\/h1>\t\t\t\t<\/div>\n\t\t\t\t<\/div>\n\t\t\t\t<div class=\"elementor-element elementor-element-b9cf8ac elementor-widget elementor-widget-text-editor\" data-id=\"b9cf8ac\" data-element_type=\"widget\" data-e-type=\"widget\" data-settings=\"{&quot;ekit_we_effect_on&quot;:&quot;none&quot;}\" data-widget_type=\"text-editor.default\">\n\t\t\t\t<div class=\"elementor-widget-container\">\n\t\t\t\t\t\t\t\t\t<p>YUNSHAO dafay joxe garanti bu aju ci sistem bi, te mu wuute ci xeeti produit yi.<br \/>Sartiy garanti yi da\u00f1uy wuute ci xeeti sistem yi, ngir leeral ku yor responsabilit\u00e9 bi ak w\u00f3oral doxinu sistem bi ci diir bu y\u00e0gg.<\/p><p>P\u00e9riode garanti y\u00e9pp da\u00f1uy t\u00e0mbali b\u00e9su y\u00f3nnee bi, lu dul bu amee beneen d\u00e9ggoo bu \u00f1u bind.<\/p>\t\t\t\t\t\t\t\t<\/div>\n\t\t\t\t<\/div>\n\t\t\t\t<div class=\"elementor-element elementor-element-d7d3c79 elementor-widget elementor-widget-heading\" data-id=\"d7d3c79\" data-element_type=\"widget\" data-e-type=\"widget\" data-settings=\"{&quot;ekit_we_effect_on&quot;:&quot;none&quot;}\" data-widget_type=\"heading.default\">\n\t\t\t\t<div class=\"elementor-widget-container\">\n\t\t\t\t\t<h2 class=\"elementor-heading-title elementor-size-default\">Garaanti bu tegu ci sistem bi<\/h2>\t\t\t\t<\/div>\n\t\t\t\t<\/div>\n\t\t\t\t<div class=\"elementor-element elementor-element-26b3fb6 elementor-widget elementor-widget-heading\" data-id=\"26b3fb6\" data-element_type=\"widget\" data-e-type=\"widget\" data-settings=\"{&quot;ekit_we_effect_on&quot;:&quot;none&quot;}\" data-widget_type=\"heading.default\">\n\t\t\t\t<div class=\"elementor-widget-container\">\n\t\t\t\t\t<h2 class=\"elementor-heading-title elementor-size-default\">Bariy\u00e9eri Turnstile \u2013 Garanti \u00f1etti at<\/h2>\t\t\t\t<\/div>\n\t\t\t\t<\/div>\n\t\t\t\t<div class=\"elementor-element elementor-element-aa1ae2c elementor-widget elementor-widget-text-editor\" data-id=\"aa1ae2c\" data-element_type=\"widget\" data-e-type=\"widget\" data-settings=\"{&quot;ekit_we_effect_on&quot;:&quot;none&quot;}\" data-widget_type=\"text-editor.default\">\n\t\t\t\t<div class=\"elementor-widget-container\">\n\t\t\t\t\t\t\t\t\t<p><strong>Lii dafa j\u00ebm ci mbooleem jumtukaayi buntu yu \u00f1uy ubbeeku ngir doxkat yu YUNSHAO, bokk na ci:<\/strong><\/p><ul><li>Bariy\u00e9eri gaaw<\/li><li>Bariy\u00e9er yu ubbeeku yu w\u00ebndeelu<\/li><li>Bariy\u00e9eri x\u00e0tt<\/li><li>B\u00e0b yu y\u00ebngu<\/li><li>Bunti w\u00ebr-w\u00ebr yu \u00f1etti t\u00e0nk<\/li><li>Bariy\u00e9er yu taxaw<\/li><\/ul>\t\t\t\t\t\t\t\t<\/div>\n\t\t\t\t<\/div>\n\t\t\t\t<div class=\"elementor-element elementor-element-ad288db elementor-widget elementor-widget-heading\" data-id=\"ad288db\" data-element_type=\"widget\" data-e-type=\"widget\" data-settings=\"{&quot;ekit_we_effect_on&quot;:&quot;none&quot;}\" data-widget_type=\"heading.default\">\n\t\t\t\t<div class=\"elementor-widget-container\">\n\t\t\t\t\t<h2 class=\"elementor-heading-title elementor-size-default\">Sistem yu saytu parkingu yi \u2013 Garanti bu benn at<\/h2>\t\t\t\t<\/div>\n\t\t\t\t<\/div>\n\t\t\t\t<div class=\"elementor-element elementor-element-b717736 elementor-widget elementor-widget-text-editor\" data-id=\"b717736\" data-element_type=\"widget\" data-e-type=\"widget\" data-settings=\"{&quot;ekit_we_effect_on&quot;:&quot;none&quot;}\" data-widget_type=\"text-editor.default\">\n\t\t\t\t<div class=\"elementor-widget-container\">\n\t\t\t\t\t\t\t\t\t<p><strong>J\u00ebm na ci saytu bu nj\u00ebkk bu parkin yi ak jumtukaay yu ubbi oto yi, bokk na ci:<\/strong><\/p><ul><li>Kamera yu xamme palaak yi<\/li><li>Bariy\u00e9eri Boom<\/li><li>Dispenser yi kaartu parkin ak tike parkin<\/li><li>Terminal yu \u00f1uy feye parkin<\/li><li>Jumtukaayi sistemu ndimbal ci parking bi<\/li><li>Kapt\u00ebri parkin yu sonik<\/li><li>J\u00e0ngukaayu RFID UHF yu sore<\/li><li>Jumtukaayi park ak li ko w\u00ebr<\/li><\/ul>\t\t\t\t\t\t\t\t<\/div>\n\t\t\t\t<\/div>\n\t\t\t\t<div class=\"elementor-element elementor-element-86a9071 elementor-widget elementor-widget-heading\" data-id=\"86a9071\" data-element_type=\"widget\" data-e-type=\"widget\" data-settings=\"{&quot;ekit_we_effect_on&quot;:&quot;none&quot;}\" data-widget_type=\"heading.default\">\n\t\t\t\t<div class=\"elementor-widget-container\">\n\t\t\t\t\t<h2 class=\"elementor-heading-title elementor-size-default\">Li garanti bi di laabal<\/h2>\t\t\t\t<\/div>\n\t\t\t\t<\/div>\n\t\t\t\t<div class=\"elementor-element elementor-element-c3bcde2 elementor-widget elementor-widget-text-editor\" data-id=\"c3bcde2\" data-element_type=\"widget\" data-e-type=\"widget\" data-settings=\"{&quot;ekit_we_effect_on&quot;:&quot;none&quot;}\" data-widget_type=\"text-editor.default\">\n\t\t\t\t<div class=\"elementor-widget-container\">\n\t\t\t\t\t\t\t\t\t<p><strong>Ci biir jamono waranti bi war, YUNSHAO dina defaraat walla wuutu jumtukaay yu y\u00e0qu yi walla seeni c\u00e9r yu y\u00e0qu yi, su fekkee li ko waral mooy:<\/strong><\/p><ul><li>Ayib yu j\u00f3ge ci defar gi<\/li><li>Ayib yu j\u00ebm ci mbir mi<\/li><li>Jafe-jafey ligg\u00e9ey<\/li><\/ul><p><strong>Li ci bokk, bokk na ci, waaye du ci yem:<\/strong><\/p><ul><li>Kartu m\u00e8re, kartu kontorool, kartu piloot<\/li><li>Moteer yi, k\u00e0ndidaawu moter yi, wa\u00f1\u00f1ikat yi, xaaji transimisiyo\u014b yi<\/li><li>Alimentasiyo\u014b yi ak fiil yu biir yi<\/li><li>Kapt\u00eb\u00ebr yi, kapt\u00eb\u00ebr infrarouge yi, inteript\u00eb\u00ebr limit yi<\/li><li>Jokkoo yu xarala<br \/>(TCP\/IP, RS485, RS232, Wiegand, Relay)<\/li><li>Lampaayu wanekaay, modilu LED, apareyu buzeer<\/li><li>Jafe-jafe yu j\u00ebm ci firmware walla software bu ofisiyel<\/li><\/ul><p>Su fekkee ne m\u00ebnulees ko defaraat ci w\u00e0llu xarala, YUNSHAO m\u00ebn na joxe lu ko wuutu te tollook moom ci doole.<\/p>\t\t\t\t\t\t\t\t<\/div>\n\t\t\t\t<\/div>\n\t\t\t\t<div class=\"elementor-element elementor-element-ca09caf elementor-widget elementor-widget-heading\" data-id=\"ca09caf\" data-element_type=\"widget\" data-e-type=\"widget\" data-settings=\"{&quot;ekit_we_effect_on&quot;:&quot;none&quot;}\" data-widget_type=\"heading.default\">\n\t\t\t\t<div class=\"elementor-widget-container\">\n\t\t\t\t\t<h2 class=\"elementor-heading-title elementor-size-default\">Li waranti bi dul j\u00ebl<\/h2>\t\t\t\t<\/div>\n\t\t\t\t<\/div>\n\t\t\t\t<div class=\"elementor-element elementor-element-4cbad4d elementor-widget elementor-widget-text-editor\" data-id=\"4cbad4d\" data-element_type=\"widget\" data-e-type=\"widget\" data-settings=\"{&quot;ekit_we_effect_on&quot;:&quot;none&quot;}\" data-widget_type=\"text-editor.default\">\n\t\t\t\t<div class=\"elementor-widget-container\">\n\t\t\t\t\t\t\t\t\t<p><strong>Garanti bi j\u00ebwul ci:<\/strong><\/p><ul><li>Dagg, defaraat, walla soppi ko te amoo ci ndigal.<\/li><li>Software walla firmware bu\u00f1u soppi te amul ndigal.<\/li><li>Taxawal bu baaxul, fiil yu jubul, walla j\u00ebfandikoo gu baaxul<\/li><li>Y\u00e0qu-y\u00e0qu, mbugal, walla y\u00e0q-y\u00e0q<\/li><li>Duggug ndox ci jumtukaay yu amul m\u00e0ndargaay IP<\/li><li>Y\u00e0qu-y\u00e0qu ci w\u00ebr-gi-yaram gi, xorom, walla jeexital ak ay simi<\/li><li>Ay xew-xew yu kenn m\u00ebnta moytu (safara, ndoxum \u00e0ll, d\u00f3or, y\u00ebngu-y\u00ebngu suuf)<\/li><li>Y\u00e0qu-y\u00e0qu bu normal, p\u00e0cc yu \u00f1u j\u00ebfandikoo ba mu jeex, walla m\u00e0ggat gu rafet.<\/li><\/ul>\t\t\t\t\t\t\t\t<\/div>\n\t\t\t\t<\/div>\n\t\t\t\t<div class=\"elementor-element elementor-element-b13afc8 elementor-widget elementor-widget-heading\" data-id=\"b13afc8\" data-element_type=\"widget\" data-e-type=\"widget\" data-settings=\"{&quot;ekit_we_effect_on&quot;:&quot;none&quot;}\" data-widget_type=\"heading.default\">\n\t\t\t\t<div class=\"elementor-widget-container\">\n\t\t\t\t\t<h2 class=\"elementor-heading-title elementor-size-default\">Doxalinu Sarwiisu Garanti<\/h2>\t\t\t\t<\/div>\n\t\t\t\t<\/div>\n\t\t\t\t<div class=\"elementor-element elementor-element-3ee09b3 elementor-widget elementor-widget-text-editor\" data-id=\"3ee09b3\" data-element_type=\"widget\" data-e-type=\"widget\" data-settings=\"{&quot;ekit_we_effect_on&quot;:&quot;none&quot;}\" data-widget_type=\"text-editor.default\">\n\t\t\t\t<div class=\"elementor-widget-container\">\n\t\t\t\t\t\t\t\t\t<p><strong>1.<\/strong> Kiliyan bi dafay joxe modelu produit bi, nimero seri bi, referansu yobbal bi, ak leral ci jafe-jafe bi (man na\u00f1u laaj ay foto walla ay video)<\/p><p><strong>2.<\/strong> Enseeniyeeri YUNSHAO yi da\u00f1uy seet lu y\u00e0qu ci lu sori, walla \u00f1u laaj \u00f1u indilwaat pices yu y\u00e0qu yi.<\/p><p><strong>3.<\/strong> Kaas yu \u00f1u nangu ci garanti bi, da\u00f1u leen di defar walla di wuutu te du\u00f1u ci fey dara.<\/p><p><strong>Warugaru logistik<\/strong><\/p><ul><li>Kiliyan bi dafay y\u00f3nnee ay marsandis yu y\u00e0qu walla ay p\u00e0cc ci YUNSHAO.<\/li><li>YUNSHAO dafay y\u00f3nnee ci kilian bi pyes yu \u00f1u defar walla yu wuutu.<\/li><\/ul>\t\t\t\t\t\t\t\t<\/div>\n\t\t\t\t<\/div>\n\t\t\t\t<div class=\"elementor-element elementor-element-0d5d4c3 elementor-widget elementor-widget-heading\" data-id=\"0d5d4c3\" data-element_type=\"widget\" data-e-type=\"widget\" data-settings=\"{&quot;ekit_we_effect_on&quot;:&quot;none&quot;}\" data-widget_type=\"heading.default\">\n\t\t\t\t<div class=\"elementor-widget-container\">\n\t\t\t\t\t<h2 class=\"elementor-heading-title elementor-size-default\">J\u00e0ppale ginnaaw garanti bi<\/h2>\t\t\t\t<\/div>\n\t\t\t\t<\/div>\n\t\t\t\t<div class=\"elementor-element elementor-element-3ceb441 elementor-widget elementor-widget-text-editor\" data-id=\"3ceb441\" data-element_type=\"widget\" data-e-type=\"widget\" data-settings=\"{&quot;ekit_we_effect_on&quot;:&quot;none&quot;}\" data-widget_type=\"text-editor.default\">\n\t\t\t\t<div class=\"elementor-widget-container\">\n\t\t\t\t\t\t\t\t\t<p><strong>Gannaaw bu garanti bi jeexee, YUNSHAO day w\u00e9y di joxe:<\/strong><\/p><ul><li>Sarwiisi defaraat ak toppatoo yu \u00f1u fay<\/li><li>Joxe ay pices de rechange<\/li><li>Ndimbalu teknik bu sax ngir mbooleem produwi YUNSHAO yi.<\/li><\/ul>\t\t\t\t\t\t\t\t<\/div>\n\t\t\t\t<\/div>\n\t\t\t\t<div class=\"elementor-element elementor-element-13f807a elementor-widget elementor-widget-heading\" data-id=\"13f807a\" data-element_type=\"widget\" data-e-type=\"widget\" data-settings=\"{&quot;ekit_we_effect_on&quot;:&quot;none&quot;}\" data-widget_type=\"heading.default\">\n\t\t\t\t<div class=\"elementor-widget-container\">\n\t\t\t\t\t<h2 class=\"elementor-heading-title elementor-size-default\">Xibaari jokkoo<\/h2>\t\t\t\t<\/div>\n\t\t\t\t<\/div>\n\t\t\t\t<div class=\"elementor-element elementor-element-11a0c2b elementor-widget elementor-widget-text-editor\" data-id=\"11a0c2b\" data-element_type=\"widget\" data-e-type=\"widget\" data-settings=\"{&quot;ekit_we_effect_on&quot;:&quot;none&quot;}\" data-widget_type=\"text-editor.default\">\n\t\t\t\t<div class=\"elementor-widget-container\">\n\t\t\t\t\t\t\t\t\t<p data-start=\"1772\" data-end=\"1850\"><strong>Ngir b\u00e9pp jafe-jafey garanti, ndimbal walla laaj yu j\u00ebm ci toppatoo, bu leen neexee jookool ak \u00f1un:<\/strong><\/p><p data-start=\"1852\" data-end=\"1930\"><strong data-start=\"1852\" data-end=\"1882\">Telefoon \/ WhatsApp \/ WeChat:<\/strong> +86 19540588776<br data-start=\"1898\" data-end=\"1901\" \/><strong data-start=\"1901\" data-end=\"1911\">Imel:<\/strong> <a class=\"decorated-link cursor-pointer\" href=\"mailto:info@yunshao.com\" rel=\"noopener\" data-start=\"1912\" data-end=\"1928\">info@yunshao.com<\/a><\/p>\t\t\t\t\t\t\t\t<\/div>\n\t\t\t\t<\/div>\n\t\t\t\t\t<\/div>\n\t\t\t\t<\/div>\n\t\t\t\t<\/div>","protected":false},"excerpt":{"rendered":"<p>Home Warranty Policy YUNSHAO provides system-based warranty coverage according to different product categories.Warranty terms vary by system type to ensure [&hellip;]<\/p>\n","protected":false},"author":1,"featured_media":0,"parent":0,"menu_order":0,"comment_status":"closed","ping_status":"closed","template":"elementor_header_footer","meta":{"site-sidebar-layout":"no-sidebar","site-content-layout":"","ast-site-content-layout":"full-width-container","site-content-style":"default","site-sidebar-style":"default","ast-global-header-display":"","ast-banner-title-visibility":"","ast-main-header-display":"","ast-hfb-above-header-display":"","ast-hfb-below-header-display":"","ast-hfb-mobile-header-display":"","site-post-title":"","ast-breadcrumbs-content":"","ast-featured-img":"disabled","footer-sml-layout":"","ast-disable-related-posts":"","theme-transparent-header-meta":"","adv-header-id-meta":"","stick-header-meta":"","header-above-stick-meta":"","header-main-stick-meta":"","header-below-stick-meta":"","astra-migrate-meta-layouts":"default","ast-page-background-enabled":"default","ast-page-background-meta":{"desktop":{"background-color":"var(--ast-global-color-5)","background-image":"","background-repeat":"repeat","background-position":"center center","background-size":"auto","background-attachment":"scroll","background-type":"","background-media":"","overlay-type":"","overlay-color":"","overlay-opacity":"","overlay-gradient":""},"tablet":{"background-color":"","background-image":"","background-repeat":"repeat","background-position":"center center","background-size":"auto","background-attachment":"scroll","background-type":"","background-media":"","overlay-type":"","overlay-color":"","overlay-opacity":"","overlay-gradient":""},"mobile":{"background-color":"","background-image":"","background-repeat":"repeat","background-position":"center center","background-size":"auto","background-attachment":"scroll","background-type":"","background-media":"","overlay-type":"","overlay-color":"","overlay-opacity":"","overlay-gradient":""}},"ast-content-background-meta":{"desktop":{"background-color":"var(--ast-global-color-4)","background-image":"","background-repeat":"repeat","background-position":"center center","background-size":"auto","background-attachment":"scroll","background-type":"","background-media":"","overlay-type":"","overlay-color":"","overlay-opacity":"","overlay-gradient":""},"tablet":{"background-color":"var(--ast-global-color-4)","background-image":"","background-repeat":"repeat","background-position":"center center","background-size":"auto","background-attachment":"scroll","background-type":"","background-media":"","overlay-type":"","overlay-color":"","overlay-opacity":"","overlay-gradient":""},"mobile":{"background-color":"var(--ast-global-color-4)","background-image":"","background-repeat":"repeat","background-position":"center center","background-size":"auto","background-attachment":"scroll","background-type":"","background-media":"","overlay-type":"","overlay-color":"","overlay-opacity":"","overlay-gradient":""}},"footnotes":""},"class_list":["post-5405","page","type-page","status-publish","hentry"],"_links":{"self":[{"href":"https:\/\/www.yunshao.com\/wo\/wp-json\/wp\/v2\/pages\/5405","targetHints":{"allow":["GET"]}}],"collection":[{"href":"https:\/\/www.yunshao.com\/wo\/wp-json\/wp\/v2\/pages"}],"about":[{"href":"https:\/\/www.yunshao.com\/wo\/wp-json\/wp\/v2\/types\/page"}],"author":[{"embeddable":true,"href":"https:\/\/www.yunshao.com\/wo\/wp-json\/wp\/v2\/users\/1"}],"replies":[{"embeddable":true,"href":"https:\/\/www.yunshao.com\/wo\/wp-json\/wp\/v2\/comments?post=5405"}],"version-history":[{"count":37,"href":"https:\/\/www.yunshao.com\/wo\/wp-json\/wp\/v2\/pages\/5405\/revisions"}],"predecessor-version":[{"id":10444,"href":"https:\/\/www.yunshao.com\/wo\/wp-json\/wp\/v2\/pages\/5405\/revisions\/10444"}],"wp:attachment":[{"href":"https:\/\/www.yunshao.com\/wo\/wp-json\/wp\/v2\/media?parent=5405"}],"curies":[{"name":"benn k\u00e0ddu rekk","href":"https:\/\/api.w.org\/{rel}","templated":true}]}}